{"id":1525,"date":"2026-04-16T09:32:02","date_gmt":"2026-04-16T09:32:02","guid":{"rendered":"https:\/\/gruppotrevi.com\/trevi-collection-hotel\/"},"modified":"2026-05-07T14:07:09","modified_gmt":"2026-05-07T14:07:09","slug":"trevi-collection-hotel","status":"publish","type":"page","link":"https:\/\/gruppotrevi.com\/de\/trevi-collection-hotel\/","title":{"rendered":"Trevi Collection Hotel"},"content":{"rendered":"\t\t<div data-elementor-type=\"wp-page\" data-elementor-id=\"1525\" class=\"elementor elementor-1525 elementor-1027\">\n\t\t\t\t\t\t<section class=\"elementor-section elementor-top-section elementor-element elementor-element-0cb1b38 elementor-section-height-min-height elementor-section-boxed elementor-section-height-default elementor-section-items-middle\" data-id=\"0cb1b38\" data-element_type=\"section\" data-e-type=\"section\" data-settings=\"{&quot;background_background&quot;:&quot;classic&quot;}\">\n\t\t\t\t\t\t<div class=\"elementor-container elementor-column-gap-default\">\n\t\t\t\t\t<div class=\"elementor-column elementor-col-100 elementor-top-column elementor-element elementor-element-fc35d3d\" data-id=\"fc35d3d\" data-element_type=\"column\" data-e-type=\"column\">\n\t\t\t<div class=\"elementor-widget-wrap\">\n\t\t\t\t\t\t\t<\/div>\n\t\t<\/div>\n\t\t\t\t\t<\/div>\n\t\t<\/section>\n\t\t\t\t<section class=\"elementor-section elementor-top-section elementor-element elementor-element-9ecc2a4 elementor-section-boxed elementor-section-height-default elementor-section-height-default\" data-id=\"9ecc2a4\" data-element_type=\"section\" data-e-type=\"section\" data-settings=\"{&quot;background_background&quot;:&quot;classic&quot;}\">\n\t\t\t\t\t\t<div class=\"elementor-container elementor-column-gap-default\">\n\t\t\t\t\t<div class=\"elementor-column elementor-col-100 elementor-top-column elementor-element elementor-element-7811afa\" data-id=\"7811afa\" data-element_type=\"column\" data-e-type=\"column\">\n\t\t\t<div class=\"elementor-widget-wrap elementor-element-populated\">\n\t\t\t\t\t\t<div class=\"elementor-element elementor-element-07ffa50 elementor-view-default elementor-position-top elementor-widget elementor-widget-themo-header\" data-id=\"07ffa50\" data-element_type=\"widget\" data-e-type=\"widget\" data-widget_type=\"themo-header.default\">\n\t\t\t\t<div class=\"elementor-widget-container\">\n\t\t\t\t\t\t\t<div class=\"th-header-wrap\">\n        <div class=\"elementor-icon-box-wrapper \">\n                            <div class=\"elementor-icon-box-content\">\n                    <h2 class=\"elementor-icon-box-title\">\n                        Trevi Collection Hotel                     <\/h2>\n                                        <p class=\"elementor-icon-box-description\">Im Herzen Roms, nur wenige Schritte vom <strong>Trevi-Brunnen<\/strong> und der Spanischen Treppe entfernt<\/strong>, empf\u00e4ngt Sie das <strong>Trevi Collection Hotel<\/strong> in einem Ambiente, in dem historischer Charme auf zeitgen\u00f6ssische Eleganz trifft.\nUnsere modernen, sorgf\u00e4ltig gestalteten Zimmer bieten Ihnen stilvolle und komfortable R\u00e4umlichkeiten \u2013 ideal f\u00fcr jeden Aufenthalt. Entdecken Sie unsere pr\u00e4chtigen, k\u00fcrzlich renovierten Suiten, die Ihnen ein exklusives Erlebnis garantieren: helle R\u00e4ume, anspruchsvolles Design und teilweise charmante private Patios, auf denen Sie in absoluter Ruhe entspannen k\u00f6nnen.\nAbgerundet wird Ihr Aufenthalt durch das <strong>Next Door Bar &amp; Restaurant<\/strong>, ein einladendes Lokal, in dem wir Ihnen t\u00e4glich frische, hausgemachte und traditionell inspirierte Gerichte servieren \u2013 perfekt, um Ihren Tag zu beginnen oder ein k\u00f6stliches Essen mitten in der Stadt zu genie\u00dfen.\n<\/p>\n\n                                            <div class=\"th-btn-wrap\">\n                                                            <a class=\"btn-1 btn th-btn btn-standard-primary\" href=\"https:\/\/trevicollectionhotel.com\/de\/\">\n                                                                            Visita il SitoBesuchen Sie die Website                                                                    <\/a>\n                            \n                                                    <\/div>\n                                    <\/div>\n            <\/div>\n\n        <\/div>\n\n\t\t\t\t\t\t<\/div>\n\t\t\t\t<\/div>\n\t\t\t\t\t<\/div>\n\t\t<\/div>\n\t\t\t\t\t<\/div>\n\t\t<\/section>\n\t\t\t\t<section class=\"elementor-section elementor-top-section elementor-element elementor-element-3e30efd elementor-section-full_width elementor-section-height-default elementor-section-height-default\" data-id=\"3e30efd\" data-element_type=\"section\" data-e-type=\"section\">\n\t\t\t\t\t\t<div class=\"elementor-container elementor-column-gap-default\">\n\t\t\t\t\t<div class=\"elementor-column elementor-col-100 elementor-top-column elementor-element elementor-element-c2c5af7\" data-id=\"c2c5af7\" data-element_type=\"column\" data-e-type=\"column\">\n\t\t\t<div class=\"elementor-widget-wrap elementor-element-populated\">\n\t\t\t\t\t\t<div class=\"elementor-element elementor-element-9143a8f elementor-arrows-position-inside elementor-widget elementor-widget-image-carousel\" data-id=\"9143a8f\" data-element_type=\"widget\" data-e-type=\"widget\" data-settings=\"{&quot;slides_to_show&quot;:&quot;3&quot;,&quot;slides_to_scroll&quot;:&quot;1&quot;,&quot;navigation&quot;:&quot;arrows&quot;,&quot;autoplay&quot;:&quot;no&quot;,&quot;infinite&quot;:&quot;yes&quot;,&quot;speed&quot;:500,&quot;image_spacing_custom&quot;:{&quot;unit&quot;:&quot;px&quot;,&quot;size&quot;:20,&quot;sizes&quot;:[]},&quot;image_spacing_custom_tablet&quot;:{&quot;unit&quot;:&quot;px&quot;,&quot;size&quot;:&quot;&quot;,&quot;sizes&quot;:[]},&quot;image_spacing_custom_mobile&quot;:{&quot;unit&quot;:&quot;px&quot;,&quot;size&quot;:&quot;&quot;,&quot;sizes&quot;:[]}}\" data-widget_type=\"image-carousel.default\">\n\t\t\t\t<div class=\"elementor-widget-container\">\n\t\t\t\t\t\t\t<div class=\"elementor-image-carousel-wrapper swiper\" role=\"region\" aria-roledescription=\"carousel\" aria-label=\"Carosello d&#039;immagini\" dir=\"ltr\">\n\t\t\t<div class=\"elementor-image-carousel swiper-wrapper\" aria-live=\"polite\">\n\t\t\t\t\t\t\t\t<div class=\"swiper-slide\" role=\"group\" aria-roledescription=\"slide\" aria-label=\"1 von 9\"><figure class=\"swiper-slide-inner\"><img decoding=\"async\" class=\"swiper-slide-image\" src=\"https:\/\/gruppotrevi.com\/wp-content\/uploads\/2026\/04\/IMG_20250729_113011-605x465.webp\" alt=\"IMG_20250729_113011\" \/><\/figure><\/div><div class=\"swiper-slide\" role=\"group\" aria-roledescription=\"slide\" aria-label=\"2 von 9\"><figure class=\"swiper-slide-inner\"><img decoding=\"async\" class=\"swiper-slide-image\" src=\"https:\/\/gruppotrevi.com\/wp-content\/uploads\/2026\/04\/08A3279-Migliorato-NR-605x465.webp\" alt=\"_08A3279-Migliorato-NR\" \/><\/figure><\/div><div class=\"swiper-slide\" role=\"group\" aria-roledescription=\"slide\" aria-label=\"3 von 9\"><figure class=\"swiper-slide-inner\"><img decoding=\"async\" class=\"swiper-slide-image\" src=\"https:\/\/gruppotrevi.com\/wp-content\/uploads\/2026\/04\/IMG_20250604_125000-HDR-1-605x465.webp\" alt=\"IMG_20250604_125000-HDR\" \/><\/figure><\/div><div class=\"swiper-slide\" role=\"group\" aria-roledescription=\"slide\" aria-label=\"4 von 9\"><figure class=\"swiper-slide-inner\"><img decoding=\"async\" class=\"swiper-slide-image\" src=\"https:\/\/gruppotrevi.com\/wp-content\/uploads\/2026\/04\/08A6641-605x465.webp\" alt=\"_08A6641\" \/><\/figure><\/div><div class=\"swiper-slide\" role=\"group\" aria-roledescription=\"slide\" aria-label=\"5 von 9\"><figure class=\"swiper-slide-inner\"><img decoding=\"async\" class=\"swiper-slide-image\" src=\"https:\/\/gruppotrevi.com\/wp-content\/uploads\/2026\/04\/08A0838-605x465.webp\" alt=\"_08A0838\" \/><\/figure><\/div><div class=\"swiper-slide\" role=\"group\" aria-roledescription=\"slide\" aria-label=\"6 von 9\"><figure class=\"swiper-slide-inner\"><img decoding=\"async\" class=\"swiper-slide-image\" src=\"https:\/\/gruppotrevi.com\/wp-content\/uploads\/2026\/04\/IMG_20250604_105433-605x465.webp\" alt=\"IMG_20250604_105433\" \/><\/figure><\/div><div class=\"swiper-slide\" role=\"group\" aria-roledescription=\"slide\" aria-label=\"7 von 9\"><figure class=\"swiper-slide-inner\"><img decoding=\"async\" class=\"swiper-slide-image\" src=\"https:\/\/gruppotrevi.com\/wp-content\/uploads\/2026\/04\/08A0851-605x465.webp\" alt=\"_08A0851\" \/><\/figure><\/div><div class=\"swiper-slide\" role=\"group\" aria-roledescription=\"slide\" aria-label=\"8 von 9\"><figure class=\"swiper-slide-inner\"><img decoding=\"async\" class=\"swiper-slide-image\" src=\"https:\/\/gruppotrevi.com\/wp-content\/uploads\/2026\/04\/08A0904-605x465.webp\" alt=\"_08A0904\" \/><\/figure><\/div><div class=\"swiper-slide\" role=\"group\" aria-roledescription=\"slide\" aria-label=\"9 von 9\"><figure class=\"swiper-slide-inner\"><img decoding=\"async\" class=\"swiper-slide-image\" src=\"https:\/\/gruppotrevi.com\/wp-content\/uploads\/2026\/04\/IMG_20250604_110330-605x465.webp\" alt=\"IMG_20250604_110330\" \/><\/figure><\/div>\t\t\t<\/div>\n\t\t\t\t\t\t\t\t\t\t\t\t<div class=\"elementor-swiper-button elementor-swiper-button-prev\" role=\"button\" tabindex=\"0\">\n\t\t\t\t\t\t<i aria-hidden=\"true\" class=\"eicon-chevron-left\"><\/i>\t\t\t\t\t<\/div>\n\t\t\t\t\t<div class=\"elementor-swiper-button elementor-swiper-button-next\" role=\"button\" tabindex=\"0\">\n\t\t\t\t\t\t<i aria-hidden=\"true\" class=\"eicon-chevron-right\"><\/i>\t\t\t\t\t<\/div>\n\t\t\t\t\n\t\t\t\t\t\t\t\t\t<\/div>\n\t\t\t\t\t\t<\/div>\n\t\t\t\t<\/div>\n\t\t\t\t\t<\/div>\n\t\t<\/div>\n\t\t\t\t\t<\/div>\n\t\t<\/section>\n\t\t\t\t<\/div>\n\t\t","protected":false},"excerpt":{"rendered":"<p>Trevi Collection Hotel Im Herzen Roms, nur wenige Schritte vom Trevi-Brunnen und der Spanischen Treppe entfernt, empf\u00e4ngt Sie das Trevi Collection Hotel in einem Ambiente, in dem historischer Charme auf zeitgen\u00f6ssische Eleganz trifft. Unsere modernen, sorgf\u00e4ltig gestalteten Zimmer bieten Ihnen &hellip; <a href=\"https:\/\/gruppotrevi.com\/de\/trevi-collection-hotel\/\">Read More<\/a><\/p>\n","protected":false},"author":1,"featured_media":0,"parent":0,"menu_order":0,"comment_status":"closed","ping_status":"closed","template":"","meta":{"footnotes":""},"class_list":["post-1525","page","type-page","status-publish","hentry"],"yoast_head":"<!-- This site is optimized with the Yoast SEO plugin v27.5 - https:\/\/yoast.com\/product\/yoast-seo-wordpress\/ -->\n<title>Trevi Collection Hotel - Sito ufficiale Trevi Group in Roma | Prenota adesso<\/title>\n<meta name=\"robots\" content=\"index, follow, max-snippet:-1, max-image-preview:large, max-video-preview:-1\" \/>\n<link rel=\"canonical\" href=\"https:\/\/gruppotrevi.com\/trevi-collection-hotel\/\" \/>\n<meta property=\"og:locale\" content=\"de_DE\" \/>\n<meta property=\"og:type\" content=\"article\" \/>\n<meta property=\"og:title\" content=\"Trevi Collection Hotel - Sito ufficiale Trevi Group in Roma | Prenota adesso\" \/>\n<meta property=\"og:description\" content=\"Trevi Collection Hotel Im Herzen Roms, nur wenige Schritte vom Trevi-Brunnen und der Spanischen Treppe entfernt, empf\u00e4ngt Sie das Trevi Collection Hotel in einem Ambiente, in dem historischer Charme auf zeitgen\u00f6ssische Eleganz trifft. Unsere modernen, sorgf\u00e4ltig gestalteten Zimmer bieten Ihnen &hellip; Read More\" \/>\n<meta property=\"og:url\" content=\"https:\/\/gruppotrevi.com\/trevi-collection-hotel\/\" \/>\n<meta property=\"og:site_name\" content=\"Sito ufficiale Trevi Group in Roma | Prenota adesso\" \/>\n<meta property=\"article:modified_time\" content=\"2026-05-07T14:07:09+00:00\" \/>\n<meta property=\"og:image\" content=\"https:\/\/gruppotrevi.com\/wp-content\/uploads\/2026\/04\/IMG_20250729_113011-605x465.webp\" \/>\n<meta name=\"twitter:card\" content=\"summary_large_image\" \/>\n<meta name=\"twitter:label1\" content=\"Gesch\u00e4tzte Lesezeit\" \/>\n\t<meta name=\"twitter:data1\" content=\"3\u00a0Minuten\" \/>\n<script type=\"application\/ld+json\" class=\"yoast-schema-graph\">{\"@context\":\"https:\\\/\\\/schema.org\",\"@graph\":[{\"@type\":\"WebPage\",\"@id\":\"https:\\\/\\\/gruppotrevi.com\\\/trevi-collection-hotel\\\/\",\"url\":\"https:\\\/\\\/gruppotrevi.com\\\/trevi-collection-hotel\\\/\",\"name\":\"Trevi Collection Hotel - Sito ufficiale Trevi Group in Roma | Prenota adesso\",\"isPartOf\":{\"@id\":\"https:\\\/\\\/gruppotrevi.com\\\/#website\"},\"primaryImageOfPage\":{\"@id\":\"https:\\\/\\\/gruppotrevi.com\\\/trevi-collection-hotel\\\/#primaryimage\"},\"image\":{\"@id\":\"https:\\\/\\\/gruppotrevi.com\\\/trevi-collection-hotel\\\/#primaryimage\"},\"thumbnailUrl\":\"https:\\\/\\\/gruppotrevi.com\\\/wp-content\\\/uploads\\\/2026\\\/04\\\/IMG_20250729_113011-605x465.webp\",\"datePublished\":\"2026-04-16T09:32:02+00:00\",\"dateModified\":\"2026-05-07T14:07:09+00:00\",\"breadcrumb\":{\"@id\":\"https:\\\/\\\/gruppotrevi.com\\\/trevi-collection-hotel\\\/#breadcrumb\"},\"inLanguage\":\"de\",\"potentialAction\":[{\"@type\":\"ReadAction\",\"target\":[\"https:\\\/\\\/gruppotrevi.com\\\/trevi-collection-hotel\\\/\"]}]},{\"@type\":\"ImageObject\",\"inLanguage\":\"de\",\"@id\":\"https:\\\/\\\/gruppotrevi.com\\\/trevi-collection-hotel\\\/#primaryimage\",\"url\":\"https:\\\/\\\/gruppotrevi.com\\\/wp-content\\\/uploads\\\/2026\\\/04\\\/IMG_20250729_113011-605x465.webp\",\"contentUrl\":\"https:\\\/\\\/gruppotrevi.com\\\/wp-content\\\/uploads\\\/2026\\\/04\\\/IMG_20250729_113011-605x465.webp\"},{\"@type\":\"BreadcrumbList\",\"@id\":\"https:\\\/\\\/gruppotrevi.com\\\/trevi-collection-hotel\\\/#breadcrumb\",\"itemListElement\":[{\"@type\":\"ListItem\",\"position\":1,\"name\":\"Home\",\"item\":\"https:\\\/\\\/gruppotrevi.com\\\/\"},{\"@type\":\"ListItem\",\"position\":2,\"name\":\"Trevi Collection Hotel\"}]},{\"@type\":\"WebSite\",\"@id\":\"https:\\\/\\\/gruppotrevi.com\\\/#website\",\"url\":\"https:\\\/\\\/gruppotrevi.com\\\/\",\"name\":\"Sito ufficiale Trevi Group in Roma | Prenota adesso\",\"description\":\"\",\"publisher\":{\"@id\":\"https:\\\/\\\/gruppotrevi.com\\\/#organization\"},\"potentialAction\":[{\"@type\":\"SearchAction\",\"target\":{\"@type\":\"EntryPoint\",\"urlTemplate\":\"https:\\\/\\\/gruppotrevi.com\\\/?s={search_term_string}\"},\"query-input\":{\"@type\":\"PropertyValueSpecification\",\"valueRequired\":true,\"valueName\":\"search_term_string\"}}],\"inLanguage\":\"de\"},{\"@type\":\"Organization\",\"@id\":\"https:\\\/\\\/gruppotrevi.com\\\/#organization\",\"name\":\"Sito ufficiale Trevi Group in Roma | Prenota adesso\",\"url\":\"https:\\\/\\\/gruppotrevi.com\\\/\",\"logo\":{\"@type\":\"ImageObject\",\"inLanguage\":\"de\",\"@id\":\"https:\\\/\\\/gruppotrevi.com\\\/#\\\/schema\\\/logo\\\/image\\\/\",\"url\":\"https:\\\/\\\/gruppotrevi.com\\\/wp-content\\\/uploads\\\/2026\\\/02\\\/logo-gruppo-trevi2026.webp\",\"contentUrl\":\"https:\\\/\\\/gruppotrevi.com\\\/wp-content\\\/uploads\\\/2026\\\/02\\\/logo-gruppo-trevi2026.webp\",\"width\":500,\"height\":370,\"caption\":\"Sito ufficiale Trevi Group in Roma | Prenota adesso\"},\"image\":{\"@id\":\"https:\\\/\\\/gruppotrevi.com\\\/#\\\/schema\\\/logo\\\/image\\\/\"}}]}<\/script>\n<!-- \/ Yoast SEO plugin. -->","yoast_head_json":{"title":"Trevi Collection Hotel - Sito ufficiale Trevi Group in Roma | Prenota adesso","robots":{"index":"index","follow":"follow","max-snippet":"max-snippet:-1","max-image-preview":"max-image-preview:large","max-video-preview":"max-video-preview:-1"},"canonical":"https:\/\/gruppotrevi.com\/trevi-collection-hotel\/","og_locale":"de_DE","og_type":"article","og_title":"Trevi Collection Hotel - Sito ufficiale Trevi Group in Roma | Prenota adesso","og_description":"Trevi Collection Hotel Im Herzen Roms, nur wenige Schritte vom Trevi-Brunnen und der Spanischen Treppe entfernt, empf\u00e4ngt Sie das Trevi Collection Hotel in einem Ambiente, in dem historischer Charme auf zeitgen\u00f6ssische Eleganz trifft. Unsere modernen, sorgf\u00e4ltig gestalteten Zimmer bieten Ihnen &hellip; Read More","og_url":"https:\/\/gruppotrevi.com\/trevi-collection-hotel\/","og_site_name":"Sito ufficiale Trevi Group in Roma | Prenota adesso","article_modified_time":"2026-05-07T14:07:09+00:00","og_image":[{"url":"https:\/\/gruppotrevi.com\/wp-content\/uploads\/2026\/04\/IMG_20250729_113011-605x465.webp","type":"","width":"","height":""}],"twitter_card":"summary_large_image","twitter_misc":{"Gesch\u00e4tzte Lesezeit":"3\u00a0Minuten"},"schema":{"@context":"https:\/\/schema.org","@graph":[{"@type":"WebPage","@id":"https:\/\/gruppotrevi.com\/trevi-collection-hotel\/","url":"https:\/\/gruppotrevi.com\/trevi-collection-hotel\/","name":"Trevi Collection Hotel - Sito ufficiale Trevi Group in Roma | Prenota adesso","isPartOf":{"@id":"https:\/\/gruppotrevi.com\/#website"},"primaryImageOfPage":{"@id":"https:\/\/gruppotrevi.com\/trevi-collection-hotel\/#primaryimage"},"image":{"@id":"https:\/\/gruppotrevi.com\/trevi-collection-hotel\/#primaryimage"},"thumbnailUrl":"https:\/\/gruppotrevi.com\/wp-content\/uploads\/2026\/04\/IMG_20250729_113011-605x465.webp","datePublished":"2026-04-16T09:32:02+00:00","dateModified":"2026-05-07T14:07:09+00:00","breadcrumb":{"@id":"https:\/\/gruppotrevi.com\/trevi-collection-hotel\/#breadcrumb"},"inLanguage":"de","potentialAction":[{"@type":"ReadAction","target":["https:\/\/gruppotrevi.com\/trevi-collection-hotel\/"]}]},{"@type":"ImageObject","inLanguage":"de","@id":"https:\/\/gruppotrevi.com\/trevi-collection-hotel\/#primaryimage","url":"https:\/\/gruppotrevi.com\/wp-content\/uploads\/2026\/04\/IMG_20250729_113011-605x465.webp","contentUrl":"https:\/\/gruppotrevi.com\/wp-content\/uploads\/2026\/04\/IMG_20250729_113011-605x465.webp"},{"@type":"BreadcrumbList","@id":"https:\/\/gruppotrevi.com\/trevi-collection-hotel\/#breadcrumb","itemListElement":[{"@type":"ListItem","position":1,"name":"Home","item":"https:\/\/gruppotrevi.com\/"},{"@type":"ListItem","position":2,"name":"Trevi Collection Hotel"}]},{"@type":"WebSite","@id":"https:\/\/gruppotrevi.com\/#website","url":"https:\/\/gruppotrevi.com\/","name":"Sito ufficiale Trevi Group in Roma | Prenota adesso","description":"","publisher":{"@id":"https:\/\/gruppotrevi.com\/#organization"},"potentialAction":[{"@type":"SearchAction","target":{"@type":"EntryPoint","urlTemplate":"https:\/\/gruppotrevi.com\/?s={search_term_string}"},"query-input":{"@type":"PropertyValueSpecification","valueRequired":true,"valueName":"search_term_string"}}],"inLanguage":"de"},{"@type":"Organization","@id":"https:\/\/gruppotrevi.com\/#organization","name":"Sito ufficiale Trevi Group in Roma | Prenota adesso","url":"https:\/\/gruppotrevi.com\/","logo":{"@type":"ImageObject","inLanguage":"de","@id":"https:\/\/gruppotrevi.com\/#\/schema\/logo\/image\/","url":"https:\/\/gruppotrevi.com\/wp-content\/uploads\/2026\/02\/logo-gruppo-trevi2026.webp","contentUrl":"https:\/\/gruppotrevi.com\/wp-content\/uploads\/2026\/02\/logo-gruppo-trevi2026.webp","width":500,"height":370,"caption":"Sito ufficiale Trevi Group in Roma | Prenota adesso"},"image":{"@id":"https:\/\/gruppotrevi.com\/#\/schema\/logo\/image\/"}}]}},"jetpack_sharing_enabled":true,"_links":{"self":[{"href":"https:\/\/gruppotrevi.com\/de\/wp-json\/wp\/v2\/pages\/1525","targetHints":{"allow":["GET"]}}],"collection":[{"href":"https:\/\/gruppotrevi.com\/de\/wp-json\/wp\/v2\/pages"}],"about":[{"href":"https:\/\/gruppotrevi.com\/de\/wp-json\/wp\/v2\/types\/page"}],"author":[{"embeddable":true,"href":"https:\/\/gruppotrevi.com\/de\/wp-json\/wp\/v2\/users\/1"}],"replies":[{"embeddable":true,"href":"https:\/\/gruppotrevi.com\/de\/wp-json\/wp\/v2\/comments?post=1525"}],"version-history":[{"count":3,"href":"https:\/\/gruppotrevi.com\/de\/wp-json\/wp\/v2\/pages\/1525\/revisions"}],"predecessor-version":[{"id":1715,"href":"https:\/\/gruppotrevi.com\/de\/wp-json\/wp\/v2\/pages\/1525\/revisions\/1715"}],"wp:attachment":[{"href":"https:\/\/gruppotrevi.com\/de\/wp-json\/wp\/v2\/media?parent=1525"}],"curies":[{"name":"wp","href":"https:\/\/api.w.org\/{rel}","templated":true}]}}