{"id":1368,"date":"2026-04-28T13:04:12","date_gmt":"2026-04-28T13:04:12","guid":{"rendered":"https:\/\/gruppotrevi.com\/hotel-al-manthia\/"},"modified":"2026-05-07T14:48:58","modified_gmt":"2026-05-07T14:48:58","slug":"hotel-al-manthia","status":"publish","type":"page","link":"https:\/\/gruppotrevi.com\/es\/hotel-al-manthia\/","title":{"rendered":"Hotel Al Manthia"},"content":{"rendered":"\t\t<div data-elementor-type=\"wp-page\" data-elementor-id=\"1368\" class=\"elementor elementor-1368 elementor-1226\">\n\t\t\t\t\t\t<section class=\"elementor-section elementor-top-section elementor-element elementor-element-7871738 elementor-section-height-min-height elementor-section-boxed elementor-section-height-default elementor-section-items-middle\" data-id=\"7871738\" data-element_type=\"section\" data-e-type=\"section\" data-settings=\"{&quot;background_background&quot;:&quot;classic&quot;}\">\n\t\t\t\t\t\t<div class=\"elementor-container elementor-column-gap-default\">\n\t\t\t\t\t<div class=\"elementor-column elementor-col-100 elementor-top-column elementor-element elementor-element-f46d7cc\" data-id=\"f46d7cc\" data-element_type=\"column\" data-e-type=\"column\">\n\t\t\t<div class=\"elementor-widget-wrap\">\n\t\t\t\t\t\t\t<\/div>\n\t\t<\/div>\n\t\t\t\t\t<\/div>\n\t\t<\/section>\n\t\t\t\t<section class=\"elementor-section elementor-top-section elementor-element elementor-element-66eb49f elementor-section-boxed elementor-section-height-default elementor-section-height-default\" data-id=\"66eb49f\" data-element_type=\"section\" data-e-type=\"section\" data-settings=\"{&quot;background_background&quot;:&quot;classic&quot;}\">\n\t\t\t\t\t\t<div class=\"elementor-container elementor-column-gap-default\">\n\t\t\t\t\t<div class=\"elementor-column elementor-col-100 elementor-top-column elementor-element elementor-element-fa24267\" data-id=\"fa24267\" data-element_type=\"column\" data-e-type=\"column\">\n\t\t\t<div class=\"elementor-widget-wrap elementor-element-populated\">\n\t\t\t\t\t\t<div class=\"elementor-element elementor-element-8c97519 elementor-view-default elementor-position-top elementor-widget elementor-widget-themo-header\" data-id=\"8c97519\" data-element_type=\"widget\" data-e-type=\"widget\" data-widget_type=\"themo-header.default\">\n\t\t\t\t<div class=\"elementor-widget-container\">\n\t\t\t\t\t\t\t<div class=\"th-header-wrap\">\n        <div class=\"elementor-icon-box-wrapper \">\n                            <div class=\"elementor-icon-box-content\">\n                    <h2 class=\"elementor-icon-box-title\">\n                        Hotel Al Manthia                    <\/h2>\n                                        <p class=\"elementor-icon-box-description\">Descubra el <strong>Hotel Al Manthia<\/strong>, un hotel refinado donde el confort moderno y el dise\u00f1o contempor\u00e1neo se unen en el coraz\u00f3n de la ciudad. Sus habitaciones, recientemente renovadas, reciben a los hu\u00e9spedes en espacios luminosos y elegantes, meticulosamente dise\u00f1ados para ofrecer una estancia relajante y placentera.\nEs la opci\u00f3n ideal para quienes desean disfrutar de la ciudad con estilo: <strong>elegancia, confort y atenci\u00f3n al detalle<\/strong> se combinan armoniosamente para crear una experiencia \u00fanica, donde cada momento de su estancia se convierte en algo especial.\n<\/p>\n\n                                            <div class=\"th-btn-wrap\">\n                                                            <a class=\"btn-1 btn th-btn btn-standard-primary\" href=\"https:\/\/almanthiahotel.com\/es\/\">\n                                                                            Visita el sitio                                                                    <\/a>\n                            \n                                                    <\/div>\n                                    <\/div>\n            <\/div>\n\n        <\/div>\n\n\t\t\t\t\t\t<\/div>\n\t\t\t\t<\/div>\n\t\t\t\t\t<\/div>\n\t\t<\/div>\n\t\t\t\t\t<\/div>\n\t\t<\/section>\n\t\t\t\t<section class=\"elementor-section elementor-top-section elementor-element elementor-element-8efa52d elementor-section-full_width elementor-section-height-default elementor-section-height-default\" data-id=\"8efa52d\" data-element_type=\"section\" data-e-type=\"section\">\n\t\t\t\t\t\t<div class=\"elementor-container elementor-column-gap-default\">\n\t\t\t\t\t<div class=\"elementor-column elementor-col-100 elementor-top-column elementor-element elementor-element-6b3c3e8\" data-id=\"6b3c3e8\" data-element_type=\"column\" data-e-type=\"column\">\n\t\t\t<div class=\"elementor-widget-wrap elementor-element-populated\">\n\t\t\t\t\t\t<div class=\"elementor-element elementor-element-36b3f69 elementor-arrows-position-inside elementor-widget elementor-widget-image-carousel\" data-id=\"36b3f69\" data-element_type=\"widget\" data-e-type=\"widget\" data-settings=\"{&quot;slides_to_show&quot;:&quot;3&quot;,&quot;slides_to_scroll&quot;:&quot;1&quot;,&quot;navigation&quot;:&quot;arrows&quot;,&quot;autoplay&quot;:&quot;no&quot;,&quot;infinite&quot;:&quot;yes&quot;,&quot;speed&quot;:500,&quot;image_spacing_custom&quot;:{&quot;unit&quot;:&quot;px&quot;,&quot;size&quot;:20,&quot;sizes&quot;:[]},&quot;image_spacing_custom_tablet&quot;:{&quot;unit&quot;:&quot;px&quot;,&quot;size&quot;:&quot;&quot;,&quot;sizes&quot;:[]},&quot;image_spacing_custom_mobile&quot;:{&quot;unit&quot;:&quot;px&quot;,&quot;size&quot;:&quot;&quot;,&quot;sizes&quot;:[]}}\" data-widget_type=\"image-carousel.default\">\n\t\t\t\t<div class=\"elementor-widget-container\">\n\t\t\t\t\t\t\t<div class=\"elementor-image-carousel-wrapper swiper\" role=\"region\" aria-roledescription=\"carousel\" aria-label=\"Carosello d&#039;immagini\" dir=\"ltr\">\n\t\t\t<div class=\"elementor-image-carousel swiper-wrapper\" aria-live=\"polite\">\n\t\t\t\t\t\t\t\t<div class=\"swiper-slide\" role=\"group\" aria-roledescription=\"slide\" aria-label=\"1 de 9\"><figure class=\"swiper-slide-inner\"><img decoding=\"async\" class=\"swiper-slide-image\" src=\"https:\/\/gruppotrevi.com\/wp-content\/uploads\/2026\/04\/08A1832-1-605x465.webp\" alt=\"_08A1832 (1)\" \/><\/figure><\/div><div class=\"swiper-slide\" role=\"group\" aria-roledescription=\"slide\" aria-label=\"2 de 9\"><figure class=\"swiper-slide-inner\"><img decoding=\"async\" class=\"swiper-slide-image\" src=\"https:\/\/gruppotrevi.com\/wp-content\/uploads\/2026\/04\/08A1811-605x465.webp\" alt=\"_08A1811\" \/><\/figure><\/div><div class=\"swiper-slide\" role=\"group\" aria-roledescription=\"slide\" aria-label=\"3 de 9\"><figure class=\"swiper-slide-inner\"><img decoding=\"async\" class=\"swiper-slide-image\" src=\"https:\/\/gruppotrevi.com\/wp-content\/uploads\/2026\/04\/08A1730-Migliorato-NR-605x465.webp\" alt=\"_08A1730-Migliorato-NR\" \/><\/figure><\/div><div class=\"swiper-slide\" role=\"group\" aria-roledescription=\"slide\" aria-label=\"4 de 9\"><figure class=\"swiper-slide-inner\"><img decoding=\"async\" class=\"swiper-slide-image\" src=\"https:\/\/gruppotrevi.com\/wp-content\/uploads\/2026\/04\/08A7114-Migliorato-NR-Modifica-1-605x465.webp\" alt=\"08A7114-Migliorato-NR-Modifica (1)\" \/><\/figure><\/div><div class=\"swiper-slide\" role=\"group\" aria-roledescription=\"slide\" aria-label=\"5 de 9\"><figure class=\"swiper-slide-inner\"><img decoding=\"async\" class=\"swiper-slide-image\" src=\"https:\/\/gruppotrevi.com\/wp-content\/uploads\/2026\/04\/Copia-di-_08A7307-Migliorato-NR-605x465.webp\" alt=\"Copia di _08A7307-Migliorato-NR\" \/><\/figure><\/div><div class=\"swiper-slide\" role=\"group\" aria-roledescription=\"slide\" aria-label=\"6 de 9\"><figure class=\"swiper-slide-inner\"><img decoding=\"async\" class=\"swiper-slide-image\" src=\"https:\/\/gruppotrevi.com\/wp-content\/uploads\/2026\/04\/Copia-di-_08A7128-605x465.webp\" alt=\"Copia di _08A7128\" \/><\/figure><\/div><div class=\"swiper-slide\" role=\"group\" aria-roledescription=\"slide\" aria-label=\"7 de 9\"><figure class=\"swiper-slide-inner\"><img decoding=\"async\" class=\"swiper-slide-image\" src=\"https:\/\/gruppotrevi.com\/wp-content\/uploads\/2026\/04\/08A1768-605x465.webp\" alt=\"_08A1768\" \/><\/figure><\/div><div class=\"swiper-slide\" role=\"group\" aria-roledescription=\"slide\" aria-label=\"8 de 9\"><figure class=\"swiper-slide-inner\"><img decoding=\"async\" class=\"swiper-slide-image\" src=\"https:\/\/gruppotrevi.com\/wp-content\/uploads\/2026\/04\/08A1781-605x465.webp\" alt=\"_08A1781\" \/><\/figure><\/div><div class=\"swiper-slide\" role=\"group\" aria-roledescription=\"slide\" aria-label=\"9 de 9\"><figure class=\"swiper-slide-inner\"><img decoding=\"async\" class=\"swiper-slide-image\" src=\"https:\/\/gruppotrevi.com\/wp-content\/uploads\/2026\/04\/Copia-di-_08A7322-605x465.webp\" alt=\"Copia di _08A7322\" \/><\/figure><\/div>\t\t\t<\/div>\n\t\t\t\t\t\t\t\t\t\t\t\t<div class=\"elementor-swiper-button elementor-swiper-button-prev\" role=\"button\" tabindex=\"0\">\n\t\t\t\t\t\t<i aria-hidden=\"true\" class=\"eicon-chevron-left\"><\/i>\t\t\t\t\t<\/div>\n\t\t\t\t\t<div class=\"elementor-swiper-button elementor-swiper-button-next\" role=\"button\" tabindex=\"0\">\n\t\t\t\t\t\t<i aria-hidden=\"true\" class=\"eicon-chevron-right\"><\/i>\t\t\t\t\t<\/div>\n\t\t\t\t\n\t\t\t\t\t\t\t\t\t<\/div>\n\t\t\t\t\t\t<\/div>\n\t\t\t\t<\/div>\n\t\t\t\t\t<\/div>\n\t\t<\/div>\n\t\t\t\t\t<\/div>\n\t\t<\/section>\n\t\t\t\t<\/div>\n\t\t","protected":false},"excerpt":{"rendered":"<p>Hotel Al Manthia Descubra el Hotel Al Manthia, un hotel refinado donde el confort moderno y el dise\u00f1o contempor\u00e1neo se unen en el coraz\u00f3n de la ciudad. Sus habitaciones, recientemente renovadas, reciben a los hu\u00e9spedes en espacios luminosos y elegantes, &hellip; <a href=\"https:\/\/gruppotrevi.com\/es\/hotel-al-manthia\/\">Read More<\/a><\/p>\n","protected":false},"author":1,"featured_media":0,"parent":0,"menu_order":0,"comment_status":"closed","ping_status":"closed","template":"","meta":{"footnotes":""},"class_list":["post-1368","page","type-page","status-publish","hentry"],"yoast_head":"<!-- This site is optimized with the Yoast SEO plugin v27.5 - https:\/\/yoast.com\/product\/yoast-seo-wordpress\/ -->\n<title>Hotel Al Manthia - Sito ufficiale Trevi Group in Roma | Prenota adesso<\/title>\n<meta name=\"robots\" content=\"index, follow, max-snippet:-1, max-image-preview:large, max-video-preview:-1\" \/>\n<link rel=\"canonical\" href=\"https:\/\/gruppotrevi.com\/hotel-al-manthia\/\" \/>\n<meta property=\"og:locale\" content=\"es_ES\" \/>\n<meta property=\"og:type\" content=\"article\" \/>\n<meta property=\"og:title\" content=\"Hotel Al Manthia - Sito ufficiale Trevi Group in Roma | Prenota adesso\" \/>\n<meta property=\"og:description\" content=\"Hotel Al Manthia Descubra el Hotel Al Manthia, un hotel refinado donde el confort moderno y el dise\u00f1o contempor\u00e1neo se unen en el coraz\u00f3n de la ciudad. Sus habitaciones, recientemente renovadas, reciben a los hu\u00e9spedes en espacios luminosos y elegantes, &hellip; Read More\" \/>\n<meta property=\"og:url\" content=\"https:\/\/gruppotrevi.com\/hotel-al-manthia\/\" \/>\n<meta property=\"og:site_name\" content=\"Sito ufficiale Trevi Group in Roma | Prenota adesso\" \/>\n<meta property=\"article:modified_time\" content=\"2026-05-07T14:48:58+00:00\" \/>\n<meta property=\"og:image\" content=\"https:\/\/gruppotrevi.com\/wp-content\/uploads\/2026\/04\/08A1832-1-605x465.webp\" \/>\n<meta name=\"twitter:card\" content=\"summary_large_image\" \/>\n<meta name=\"twitter:label1\" content=\"Tiempo de lectura\" \/>\n\t<meta name=\"twitter:data1\" content=\"3 minutos\" \/>\n<script type=\"application\/ld+json\" class=\"yoast-schema-graph\">{\"@context\":\"https:\\\/\\\/schema.org\",\"@graph\":[{\"@type\":\"WebPage\",\"@id\":\"https:\\\/\\\/gruppotrevi.com\\\/hotel-al-manthia\\\/\",\"url\":\"https:\\\/\\\/gruppotrevi.com\\\/hotel-al-manthia\\\/\",\"name\":\"Hotel Al Manthia - Sito ufficiale Trevi Group in Roma | Prenota adesso\",\"isPartOf\":{\"@id\":\"https:\\\/\\\/gruppotrevi.com\\\/#website\"},\"primaryImageOfPage\":{\"@id\":\"https:\\\/\\\/gruppotrevi.com\\\/hotel-al-manthia\\\/#primaryimage\"},\"image\":{\"@id\":\"https:\\\/\\\/gruppotrevi.com\\\/hotel-al-manthia\\\/#primaryimage\"},\"thumbnailUrl\":\"https:\\\/\\\/gruppotrevi.com\\\/wp-content\\\/uploads\\\/2026\\\/04\\\/08A1832-1-605x465.webp\",\"datePublished\":\"2026-04-28T13:04:12+00:00\",\"dateModified\":\"2026-05-07T14:48:58+00:00\",\"breadcrumb\":{\"@id\":\"https:\\\/\\\/gruppotrevi.com\\\/hotel-al-manthia\\\/#breadcrumb\"},\"inLanguage\":\"es\",\"potentialAction\":[{\"@type\":\"ReadAction\",\"target\":[\"https:\\\/\\\/gruppotrevi.com\\\/hotel-al-manthia\\\/\"]}]},{\"@type\":\"ImageObject\",\"inLanguage\":\"es\",\"@id\":\"https:\\\/\\\/gruppotrevi.com\\\/hotel-al-manthia\\\/#primaryimage\",\"url\":\"https:\\\/\\\/gruppotrevi.com\\\/wp-content\\\/uploads\\\/2026\\\/04\\\/08A1832-1-605x465.webp\",\"contentUrl\":\"https:\\\/\\\/gruppotrevi.com\\\/wp-content\\\/uploads\\\/2026\\\/04\\\/08A1832-1-605x465.webp\"},{\"@type\":\"BreadcrumbList\",\"@id\":\"https:\\\/\\\/gruppotrevi.com\\\/hotel-al-manthia\\\/#breadcrumb\",\"itemListElement\":[{\"@type\":\"ListItem\",\"position\":1,\"name\":\"Home\",\"item\":\"https:\\\/\\\/gruppotrevi.com\\\/\"},{\"@type\":\"ListItem\",\"position\":2,\"name\":\"Hotel Al Manthia\"}]},{\"@type\":\"WebSite\",\"@id\":\"https:\\\/\\\/gruppotrevi.com\\\/#website\",\"url\":\"https:\\\/\\\/gruppotrevi.com\\\/\",\"name\":\"Sito ufficiale Trevi Group in Roma | Prenota adesso\",\"description\":\"\",\"publisher\":{\"@id\":\"https:\\\/\\\/gruppotrevi.com\\\/#organization\"},\"potentialAction\":[{\"@type\":\"SearchAction\",\"target\":{\"@type\":\"EntryPoint\",\"urlTemplate\":\"https:\\\/\\\/gruppotrevi.com\\\/?s={search_term_string}\"},\"query-input\":{\"@type\":\"PropertyValueSpecification\",\"valueRequired\":true,\"valueName\":\"search_term_string\"}}],\"inLanguage\":\"es\"},{\"@type\":\"Organization\",\"@id\":\"https:\\\/\\\/gruppotrevi.com\\\/#organization\",\"name\":\"Sito ufficiale Trevi Group in Roma | Prenota adesso\",\"url\":\"https:\\\/\\\/gruppotrevi.com\\\/\",\"logo\":{\"@type\":\"ImageObject\",\"inLanguage\":\"es\",\"@id\":\"https:\\\/\\\/gruppotrevi.com\\\/#\\\/schema\\\/logo\\\/image\\\/\",\"url\":\"https:\\\/\\\/gruppotrevi.com\\\/wp-content\\\/uploads\\\/2026\\\/02\\\/logo-gruppo-trevi2026.webp\",\"contentUrl\":\"https:\\\/\\\/gruppotrevi.com\\\/wp-content\\\/uploads\\\/2026\\\/02\\\/logo-gruppo-trevi2026.webp\",\"width\":500,\"height\":370,\"caption\":\"Sito ufficiale Trevi Group in Roma | Prenota adesso\"},\"image\":{\"@id\":\"https:\\\/\\\/gruppotrevi.com\\\/#\\\/schema\\\/logo\\\/image\\\/\"}}]}<\/script>\n<!-- \/ Yoast SEO plugin. -->","yoast_head_json":{"title":"Hotel Al Manthia - Sito ufficiale Trevi Group in Roma | Prenota adesso","robots":{"index":"index","follow":"follow","max-snippet":"max-snippet:-1","max-image-preview":"max-image-preview:large","max-video-preview":"max-video-preview:-1"},"canonical":"https:\/\/gruppotrevi.com\/hotel-al-manthia\/","og_locale":"es_ES","og_type":"article","og_title":"Hotel Al Manthia - Sito ufficiale Trevi Group in Roma | Prenota adesso","og_description":"Hotel Al Manthia Descubra el Hotel Al Manthia, un hotel refinado donde el confort moderno y el dise\u00f1o contempor\u00e1neo se unen en el coraz\u00f3n de la ciudad. Sus habitaciones, recientemente renovadas, reciben a los hu\u00e9spedes en espacios luminosos y elegantes, &hellip; Read More","og_url":"https:\/\/gruppotrevi.com\/hotel-al-manthia\/","og_site_name":"Sito ufficiale Trevi Group in Roma | Prenota adesso","article_modified_time":"2026-05-07T14:48:58+00:00","og_image":[{"url":"https:\/\/gruppotrevi.com\/wp-content\/uploads\/2026\/04\/08A1832-1-605x465.webp","type":"","width":"","height":""}],"twitter_card":"summary_large_image","twitter_misc":{"Tiempo de lectura":"3 minutos"},"schema":{"@context":"https:\/\/schema.org","@graph":[{"@type":"WebPage","@id":"https:\/\/gruppotrevi.com\/hotel-al-manthia\/","url":"https:\/\/gruppotrevi.com\/hotel-al-manthia\/","name":"Hotel Al Manthia - Sito ufficiale Trevi Group in Roma | Prenota adesso","isPartOf":{"@id":"https:\/\/gruppotrevi.com\/#website"},"primaryImageOfPage":{"@id":"https:\/\/gruppotrevi.com\/hotel-al-manthia\/#primaryimage"},"image":{"@id":"https:\/\/gruppotrevi.com\/hotel-al-manthia\/#primaryimage"},"thumbnailUrl":"https:\/\/gruppotrevi.com\/wp-content\/uploads\/2026\/04\/08A1832-1-605x465.webp","datePublished":"2026-04-28T13:04:12+00:00","dateModified":"2026-05-07T14:48:58+00:00","breadcrumb":{"@id":"https:\/\/gruppotrevi.com\/hotel-al-manthia\/#breadcrumb"},"inLanguage":"es","potentialAction":[{"@type":"ReadAction","target":["https:\/\/gruppotrevi.com\/hotel-al-manthia\/"]}]},{"@type":"ImageObject","inLanguage":"es","@id":"https:\/\/gruppotrevi.com\/hotel-al-manthia\/#primaryimage","url":"https:\/\/gruppotrevi.com\/wp-content\/uploads\/2026\/04\/08A1832-1-605x465.webp","contentUrl":"https:\/\/gruppotrevi.com\/wp-content\/uploads\/2026\/04\/08A1832-1-605x465.webp"},{"@type":"BreadcrumbList","@id":"https:\/\/gruppotrevi.com\/hotel-al-manthia\/#breadcrumb","itemListElement":[{"@type":"ListItem","position":1,"name":"Home","item":"https:\/\/gruppotrevi.com\/"},{"@type":"ListItem","position":2,"name":"Hotel Al Manthia"}]},{"@type":"WebSite","@id":"https:\/\/gruppotrevi.com\/#website","url":"https:\/\/gruppotrevi.com\/","name":"Sito ufficiale Trevi Group in Roma | Prenota adesso","description":"","publisher":{"@id":"https:\/\/gruppotrevi.com\/#organization"},"potentialAction":[{"@type":"SearchAction","target":{"@type":"EntryPoint","urlTemplate":"https:\/\/gruppotrevi.com\/?s={search_term_string}"},"query-input":{"@type":"PropertyValueSpecification","valueRequired":true,"valueName":"search_term_string"}}],"inLanguage":"es"},{"@type":"Organization","@id":"https:\/\/gruppotrevi.com\/#organization","name":"Sito ufficiale Trevi Group in Roma | Prenota adesso","url":"https:\/\/gruppotrevi.com\/","logo":{"@type":"ImageObject","inLanguage":"es","@id":"https:\/\/gruppotrevi.com\/#\/schema\/logo\/image\/","url":"https:\/\/gruppotrevi.com\/wp-content\/uploads\/2026\/02\/logo-gruppo-trevi2026.webp","contentUrl":"https:\/\/gruppotrevi.com\/wp-content\/uploads\/2026\/02\/logo-gruppo-trevi2026.webp","width":500,"height":370,"caption":"Sito ufficiale Trevi Group in Roma | Prenota adesso"},"image":{"@id":"https:\/\/gruppotrevi.com\/#\/schema\/logo\/image\/"}}]}},"jetpack_sharing_enabled":true,"_links":{"self":[{"href":"https:\/\/gruppotrevi.com\/es\/wp-json\/wp\/v2\/pages\/1368","targetHints":{"allow":["GET"]}}],"collection":[{"href":"https:\/\/gruppotrevi.com\/es\/wp-json\/wp\/v2\/pages"}],"about":[{"href":"https:\/\/gruppotrevi.com\/es\/wp-json\/wp\/v2\/types\/page"}],"author":[{"embeddable":true,"href":"https:\/\/gruppotrevi.com\/es\/wp-json\/wp\/v2\/users\/1"}],"replies":[{"embeddable":true,"href":"https:\/\/gruppotrevi.com\/es\/wp-json\/wp\/v2\/comments?post=1368"}],"version-history":[{"count":3,"href":"https:\/\/gruppotrevi.com\/es\/wp-json\/wp\/v2\/pages\/1368\/revisions"}],"predecessor-version":[{"id":1770,"href":"https:\/\/gruppotrevi.com\/es\/wp-json\/wp\/v2\/pages\/1368\/revisions\/1770"}],"wp:attachment":[{"href":"https:\/\/gruppotrevi.com\/es\/wp-json\/wp\/v2\/media?parent=1368"}],"curies":[{"name":"wp","href":"https:\/\/api.w.org\/{rel}","templated":true}]}}