{"id":1425,"date":"2026-04-28T13:29:21","date_gmt":"2026-04-28T13:29:21","guid":{"rendered":"https:\/\/gruppotrevi.com\/hotel-trevi\/"},"modified":"2026-05-07T14:53:25","modified_gmt":"2026-05-07T14:53:25","slug":"hotel-trevi","status":"publish","type":"page","link":"https:\/\/gruppotrevi.com\/es\/hotel-trevi\/","title":{"rendered":"Hotel Trevi"},"content":{"rendered":"\t\t<div data-elementor-type=\"wp-page\" data-elementor-id=\"1425\" class=\"elementor elementor-1425 elementor-1245\">\n\t\t\t\t\t\t<section class=\"elementor-section elementor-top-section elementor-element elementor-element-9d386d8 elementor-section-height-min-height elementor-section-boxed elementor-section-height-default elementor-section-items-middle\" data-id=\"9d386d8\" data-element_type=\"section\" data-e-type=\"section\" data-settings=\"{&quot;background_background&quot;:&quot;classic&quot;}\">\n\t\t\t\t\t\t<div class=\"elementor-container elementor-column-gap-default\">\n\t\t\t\t\t<div class=\"elementor-column elementor-col-100 elementor-top-column elementor-element elementor-element-eedaf8c\" data-id=\"eedaf8c\" data-element_type=\"column\" data-e-type=\"column\">\n\t\t\t<div class=\"elementor-widget-wrap\">\n\t\t\t\t\t\t\t<\/div>\n\t\t<\/div>\n\t\t\t\t\t<\/div>\n\t\t<\/section>\n\t\t\t\t<section class=\"elementor-section elementor-top-section elementor-element elementor-element-be153c7 elementor-section-boxed elementor-section-height-default elementor-section-height-default\" data-id=\"be153c7\" data-element_type=\"section\" data-e-type=\"section\" data-settings=\"{&quot;background_background&quot;:&quot;classic&quot;}\">\n\t\t\t\t\t\t<div class=\"elementor-container elementor-column-gap-default\">\n\t\t\t\t\t<div class=\"elementor-column elementor-col-100 elementor-top-column elementor-element elementor-element-db4de8f\" data-id=\"db4de8f\" data-element_type=\"column\" data-e-type=\"column\">\n\t\t\t<div class=\"elementor-widget-wrap elementor-element-populated\">\n\t\t\t\t\t\t<div class=\"elementor-element elementor-element-759ec55 elementor-view-default elementor-position-top elementor-widget elementor-widget-themo-header\" data-id=\"759ec55\" data-element_type=\"widget\" data-e-type=\"widget\" data-widget_type=\"themo-header.default\">\n\t\t\t\t<div class=\"elementor-widget-container\">\n\t\t\t\t\t\t\t<div class=\"th-header-wrap\">\n        <div class=\"elementor-icon-box-wrapper \">\n                            <div class=\"elementor-icon-box-content\">\n                    <h2 class=\"elementor-icon-box-title\">\n                        Hotel Trevi                    <\/h2>\n                                        <p class=\"elementor-icon-box-description\">El <strong>Hotel Trevi<\/strong> es un aut\u00e9ntico hotel de varios edificios en el coraz\u00f3n de Roma: un conjunto armonioso de elegantes edificios hist\u00f3ricos, todos a poca distancia unos de otros, con la recepci\u00f3n ubicada en el edificio principal. Aqu\u00ed se encuentran las habitaciones, el comedor y el vest\u00edbulo, mientras que cerca se ubican los anexos y suites, situados en edificios de \u00e9poca finamente restaurados. Diferentes alojamientos, un mismo estilo: elegancia natural y gusto impecable, que siempre han caracterizado la hospitalidad del <strong>Hotel Trevi<\/strong>.\nA solo unos pasos de la <strong>Fontana di Trevi<\/strong>, el hotel representa una aut\u00e9ntica garant\u00eda de calidad italiana, donde historia, belleza y confort se fusionan en una experiencia \u00fanica.\n<\/p>\n\n                                            <div class=\"th-btn-wrap\">\n                                                            <a class=\"btn-1 btn th-btn btn-standard-primary\" href=\"https:\/\/hoteltrevirome.com\/es\/\">\n                                                                            Visita el sitio                                                                    <\/a>\n                            \n                                                    <\/div>\n                                    <\/div>\n            <\/div>\n\n        <\/div>\n\n\t\t\t\t\t\t<\/div>\n\t\t\t\t<\/div>\n\t\t\t\t\t<\/div>\n\t\t<\/div>\n\t\t\t\t\t<\/div>\n\t\t<\/section>\n\t\t\t\t<section class=\"elementor-section elementor-top-section elementor-element elementor-element-e92015b elementor-section-full_width elementor-section-height-default elementor-section-height-default\" data-id=\"e92015b\" data-element_type=\"section\" data-e-type=\"section\">\n\t\t\t\t\t\t<div class=\"elementor-container elementor-column-gap-default\">\n\t\t\t\t\t<div class=\"elementor-column elementor-col-100 elementor-top-column elementor-element elementor-element-e3987dc\" data-id=\"e3987dc\" data-element_type=\"column\" data-e-type=\"column\">\n\t\t\t<div class=\"elementor-widget-wrap elementor-element-populated\">\n\t\t\t\t\t\t<div class=\"elementor-element elementor-element-d7d4931 elementor-arrows-position-inside elementor-widget elementor-widget-image-carousel\" data-id=\"d7d4931\" data-element_type=\"widget\" data-e-type=\"widget\" data-settings=\"{&quot;slides_to_show&quot;:&quot;3&quot;,&quot;slides_to_scroll&quot;:&quot;1&quot;,&quot;navigation&quot;:&quot;arrows&quot;,&quot;autoplay&quot;:&quot;no&quot;,&quot;infinite&quot;:&quot;yes&quot;,&quot;speed&quot;:500,&quot;image_spacing_custom&quot;:{&quot;unit&quot;:&quot;px&quot;,&quot;size&quot;:20,&quot;sizes&quot;:[]},&quot;image_spacing_custom_tablet&quot;:{&quot;unit&quot;:&quot;px&quot;,&quot;size&quot;:&quot;&quot;,&quot;sizes&quot;:[]},&quot;image_spacing_custom_mobile&quot;:{&quot;unit&quot;:&quot;px&quot;,&quot;size&quot;:&quot;&quot;,&quot;sizes&quot;:[]}}\" data-widget_type=\"image-carousel.default\">\n\t\t\t\t<div class=\"elementor-widget-container\">\n\t\t\t\t\t\t\t<div class=\"elementor-image-carousel-wrapper swiper\" role=\"region\" aria-roledescription=\"carousel\" aria-label=\"Carosello d&#039;immagini\" dir=\"ltr\">\n\t\t\t<div class=\"elementor-image-carousel swiper-wrapper\" aria-live=\"polite\">\n\t\t\t\t\t\t\t\t<div class=\"swiper-slide\" role=\"group\" aria-roledescription=\"slide\" aria-label=\"1 de 10\"><figure class=\"swiper-slide-inner\"><img decoding=\"async\" class=\"swiper-slide-image\" src=\"https:\/\/gruppotrevi.com\/wp-content\/uploads\/2026\/04\/IMG_20251104_100233-605x465.webp\" alt=\"IMG_20251104_100233\" \/><\/figure><\/div><div class=\"swiper-slide\" role=\"group\" aria-roledescription=\"slide\" aria-label=\"2 de 10\"><figure class=\"swiper-slide-inner\"><img decoding=\"async\" class=\"swiper-slide-image\" src=\"https:\/\/gruppotrevi.com\/wp-content\/uploads\/2026\/04\/DSC0312-605x465.webp\" alt=\"_DSC0312\" \/><\/figure><\/div><div class=\"swiper-slide\" role=\"group\" aria-roledescription=\"slide\" aria-label=\"3 de 10\"><figure class=\"swiper-slide-inner\"><img decoding=\"async\" class=\"swiper-slide-image\" src=\"https:\/\/gruppotrevi.com\/wp-content\/uploads\/2026\/04\/08A4440-605x465.webp\" alt=\"_08A4440\" \/><\/figure><\/div><div class=\"swiper-slide\" role=\"group\" aria-roledescription=\"slide\" aria-label=\"4 de 10\"><figure class=\"swiper-slide-inner\"><img decoding=\"async\" class=\"swiper-slide-image\" src=\"https:\/\/gruppotrevi.com\/wp-content\/uploads\/2026\/04\/08A0162-1-605x465.webp\" alt=\"_08A0162 (1)\" \/><\/figure><\/div><div class=\"swiper-slide\" role=\"group\" aria-roledescription=\"slide\" aria-label=\"5 de 10\"><figure class=\"swiper-slide-inner\"><img decoding=\"async\" class=\"swiper-slide-image\" src=\"https:\/\/gruppotrevi.com\/wp-content\/uploads\/2026\/04\/08A0204-1-605x465.webp\" alt=\"_08A0204 (1)\" \/><\/figure><\/div><div class=\"swiper-slide\" role=\"group\" aria-roledescription=\"slide\" aria-label=\"6 de 10\"><figure class=\"swiper-slide-inner\"><img decoding=\"async\" class=\"swiper-slide-image\" src=\"https:\/\/gruppotrevi.com\/wp-content\/uploads\/2026\/04\/08A0252-Modifica-605x465.webp\" alt=\"_08A0252-Modifica\" \/><\/figure><\/div><div class=\"swiper-slide\" role=\"group\" aria-roledescription=\"slide\" aria-label=\"7 de 10\"><figure class=\"swiper-slide-inner\"><img decoding=\"async\" class=\"swiper-slide-image\" src=\"https:\/\/gruppotrevi.com\/wp-content\/uploads\/2026\/04\/08A0243-605x465.webp\" alt=\"_08A0243\" \/><\/figure><\/div><div class=\"swiper-slide\" role=\"group\" aria-roledescription=\"slide\" aria-label=\"8 de 10\"><figure class=\"swiper-slide-inner\"><img decoding=\"async\" class=\"swiper-slide-image\" src=\"https:\/\/gruppotrevi.com\/wp-content\/uploads\/2026\/04\/08A0233-605x465.webp\" alt=\"_08A0233\" \/><\/figure><\/div><div class=\"swiper-slide\" role=\"group\" aria-roledescription=\"slide\" aria-label=\"9 de 10\"><figure class=\"swiper-slide-inner\"><img decoding=\"async\" class=\"swiper-slide-image\" src=\"https:\/\/gruppotrevi.com\/wp-content\/uploads\/2026\/04\/08A0262-605x465.webp\" alt=\"_08A0262\" \/><\/figure><\/div><div class=\"swiper-slide\" role=\"group\" aria-roledescription=\"slide\" aria-label=\"10 de 10\"><figure class=\"swiper-slide-inner\"><img decoding=\"async\" class=\"swiper-slide-image\" src=\"https:\/\/gruppotrevi.com\/wp-content\/uploads\/2026\/04\/DSC0297-605x465.webp\" alt=\"_DSC0297\" \/><\/figure><\/div>\t\t\t<\/div>\n\t\t\t\t\t\t\t\t\t\t\t\t<div class=\"elementor-swiper-button elementor-swiper-button-prev\" role=\"button\" tabindex=\"0\">\n\t\t\t\t\t\t<i aria-hidden=\"true\" class=\"eicon-chevron-left\"><\/i>\t\t\t\t\t<\/div>\n\t\t\t\t\t<div class=\"elementor-swiper-button elementor-swiper-button-next\" role=\"button\" tabindex=\"0\">\n\t\t\t\t\t\t<i aria-hidden=\"true\" class=\"eicon-chevron-right\"><\/i>\t\t\t\t\t<\/div>\n\t\t\t\t\n\t\t\t\t\t\t\t\t\t<\/div>\n\t\t\t\t\t\t<\/div>\n\t\t\t\t<\/div>\n\t\t\t\t\t<\/div>\n\t\t<\/div>\n\t\t\t\t\t<\/div>\n\t\t<\/section>\n\t\t\t\t<\/div>\n\t\t","protected":false},"excerpt":{"rendered":"<p>Hotel Trevi El Hotel Trevi es un aut\u00e9ntico hotel de varios edificios en el coraz\u00f3n de Roma: un conjunto armonioso de elegantes edificios hist\u00f3ricos, todos a poca distancia unos de otros, con la recepci\u00f3n ubicada en el edificio principal. Aqu\u00ed &hellip; <a href=\"https:\/\/gruppotrevi.com\/es\/hotel-trevi\/\">Read More<\/a><\/p>\n","protected":false},"author":1,"featured_media":0,"parent":0,"menu_order":0,"comment_status":"closed","ping_status":"closed","template":"","meta":{"footnotes":""},"class_list":["post-1425","page","type-page","status-publish","hentry"],"yoast_head":"<!-- This site is optimized with the Yoast SEO plugin v27.5 - https:\/\/yoast.com\/product\/yoast-seo-wordpress\/ -->\n<title>Hotel Trevi - Sito ufficiale Trevi Group in Roma | Prenota adesso<\/title>\n<meta name=\"robots\" content=\"index, follow, max-snippet:-1, max-image-preview:large, max-video-preview:-1\" \/>\n<link rel=\"canonical\" href=\"https:\/\/gruppotrevi.com\/hotel-trevi\/\" \/>\n<meta property=\"og:locale\" content=\"es_ES\" \/>\n<meta property=\"og:type\" content=\"article\" \/>\n<meta property=\"og:title\" content=\"Hotel Trevi - Sito ufficiale Trevi Group in Roma | Prenota adesso\" \/>\n<meta property=\"og:description\" content=\"Hotel Trevi El Hotel Trevi es un aut\u00e9ntico hotel de varios edificios en el coraz\u00f3n de Roma: un conjunto armonioso de elegantes edificios hist\u00f3ricos, todos a poca distancia unos de otros, con la recepci\u00f3n ubicada en el edificio principal. Aqu\u00ed &hellip; Read More\" \/>\n<meta property=\"og:url\" content=\"https:\/\/gruppotrevi.com\/hotel-trevi\/\" \/>\n<meta property=\"og:site_name\" content=\"Sito ufficiale Trevi Group in Roma | Prenota adesso\" \/>\n<meta property=\"article:modified_time\" content=\"2026-05-07T14:53:25+00:00\" \/>\n<meta property=\"og:image\" content=\"https:\/\/gruppotrevi.com\/wp-content\/uploads\/2026\/04\/IMG_20251104_100233-605x465.webp\" \/>\n<meta name=\"twitter:card\" content=\"summary_large_image\" \/>\n<meta name=\"twitter:label1\" content=\"Tiempo de lectura\" \/>\n\t<meta name=\"twitter:data1\" content=\"4 minutos\" \/>\n<script type=\"application\/ld+json\" class=\"yoast-schema-graph\">{\"@context\":\"https:\\\/\\\/schema.org\",\"@graph\":[{\"@type\":\"WebPage\",\"@id\":\"https:\\\/\\\/gruppotrevi.com\\\/hotel-trevi\\\/\",\"url\":\"https:\\\/\\\/gruppotrevi.com\\\/hotel-trevi\\\/\",\"name\":\"Hotel Trevi - Sito ufficiale Trevi Group in Roma | Prenota adesso\",\"isPartOf\":{\"@id\":\"https:\\\/\\\/gruppotrevi.com\\\/#website\"},\"primaryImageOfPage\":{\"@id\":\"https:\\\/\\\/gruppotrevi.com\\\/hotel-trevi\\\/#primaryimage\"},\"image\":{\"@id\":\"https:\\\/\\\/gruppotrevi.com\\\/hotel-trevi\\\/#primaryimage\"},\"thumbnailUrl\":\"https:\\\/\\\/gruppotrevi.com\\\/wp-content\\\/uploads\\\/2026\\\/04\\\/IMG_20251104_100233-605x465.webp\",\"datePublished\":\"2026-04-28T13:29:21+00:00\",\"dateModified\":\"2026-05-07T14:53:25+00:00\",\"breadcrumb\":{\"@id\":\"https:\\\/\\\/gruppotrevi.com\\\/hotel-trevi\\\/#breadcrumb\"},\"inLanguage\":\"es\",\"potentialAction\":[{\"@type\":\"ReadAction\",\"target\":[\"https:\\\/\\\/gruppotrevi.com\\\/hotel-trevi\\\/\"]}]},{\"@type\":\"ImageObject\",\"inLanguage\":\"es\",\"@id\":\"https:\\\/\\\/gruppotrevi.com\\\/hotel-trevi\\\/#primaryimage\",\"url\":\"https:\\\/\\\/gruppotrevi.com\\\/wp-content\\\/uploads\\\/2026\\\/04\\\/IMG_20251104_100233-605x465.webp\",\"contentUrl\":\"https:\\\/\\\/gruppotrevi.com\\\/wp-content\\\/uploads\\\/2026\\\/04\\\/IMG_20251104_100233-605x465.webp\"},{\"@type\":\"BreadcrumbList\",\"@id\":\"https:\\\/\\\/gruppotrevi.com\\\/hotel-trevi\\\/#breadcrumb\",\"itemListElement\":[{\"@type\":\"ListItem\",\"position\":1,\"name\":\"Home\",\"item\":\"https:\\\/\\\/gruppotrevi.com\\\/\"},{\"@type\":\"ListItem\",\"position\":2,\"name\":\"Hotel Trevi\"}]},{\"@type\":\"WebSite\",\"@id\":\"https:\\\/\\\/gruppotrevi.com\\\/#website\",\"url\":\"https:\\\/\\\/gruppotrevi.com\\\/\",\"name\":\"Sito ufficiale Trevi Group in Roma | Prenota adesso\",\"description\":\"\",\"publisher\":{\"@id\":\"https:\\\/\\\/gruppotrevi.com\\\/#organization\"},\"potentialAction\":[{\"@type\":\"SearchAction\",\"target\":{\"@type\":\"EntryPoint\",\"urlTemplate\":\"https:\\\/\\\/gruppotrevi.com\\\/?s={search_term_string}\"},\"query-input\":{\"@type\":\"PropertyValueSpecification\",\"valueRequired\":true,\"valueName\":\"search_term_string\"}}],\"inLanguage\":\"es\"},{\"@type\":\"Organization\",\"@id\":\"https:\\\/\\\/gruppotrevi.com\\\/#organization\",\"name\":\"Sito ufficiale Trevi Group in Roma | Prenota adesso\",\"url\":\"https:\\\/\\\/gruppotrevi.com\\\/\",\"logo\":{\"@type\":\"ImageObject\",\"inLanguage\":\"es\",\"@id\":\"https:\\\/\\\/gruppotrevi.com\\\/#\\\/schema\\\/logo\\\/image\\\/\",\"url\":\"https:\\\/\\\/gruppotrevi.com\\\/wp-content\\\/uploads\\\/2026\\\/02\\\/logo-gruppo-trevi2026.webp\",\"contentUrl\":\"https:\\\/\\\/gruppotrevi.com\\\/wp-content\\\/uploads\\\/2026\\\/02\\\/logo-gruppo-trevi2026.webp\",\"width\":500,\"height\":370,\"caption\":\"Sito ufficiale Trevi Group in Roma | Prenota adesso\"},\"image\":{\"@id\":\"https:\\\/\\\/gruppotrevi.com\\\/#\\\/schema\\\/logo\\\/image\\\/\"}}]}<\/script>\n<!-- \/ Yoast SEO plugin. -->","yoast_head_json":{"title":"Hotel Trevi - Sito ufficiale Trevi Group in Roma | Prenota adesso","robots":{"index":"index","follow":"follow","max-snippet":"max-snippet:-1","max-image-preview":"max-image-preview:large","max-video-preview":"max-video-preview:-1"},"canonical":"https:\/\/gruppotrevi.com\/hotel-trevi\/","og_locale":"es_ES","og_type":"article","og_title":"Hotel Trevi - Sito ufficiale Trevi Group in Roma | Prenota adesso","og_description":"Hotel Trevi El Hotel Trevi es un aut\u00e9ntico hotel de varios edificios en el coraz\u00f3n de Roma: un conjunto armonioso de elegantes edificios hist\u00f3ricos, todos a poca distancia unos de otros, con la recepci\u00f3n ubicada en el edificio principal. Aqu\u00ed &hellip; Read More","og_url":"https:\/\/gruppotrevi.com\/hotel-trevi\/","og_site_name":"Sito ufficiale Trevi Group in Roma | Prenota adesso","article_modified_time":"2026-05-07T14:53:25+00:00","og_image":[{"url":"https:\/\/gruppotrevi.com\/wp-content\/uploads\/2026\/04\/IMG_20251104_100233-605x465.webp","type":"","width":"","height":""}],"twitter_card":"summary_large_image","twitter_misc":{"Tiempo de lectura":"4 minutos"},"schema":{"@context":"https:\/\/schema.org","@graph":[{"@type":"WebPage","@id":"https:\/\/gruppotrevi.com\/hotel-trevi\/","url":"https:\/\/gruppotrevi.com\/hotel-trevi\/","name":"Hotel Trevi - Sito ufficiale Trevi Group in Roma | Prenota adesso","isPartOf":{"@id":"https:\/\/gruppotrevi.com\/#website"},"primaryImageOfPage":{"@id":"https:\/\/gruppotrevi.com\/hotel-trevi\/#primaryimage"},"image":{"@id":"https:\/\/gruppotrevi.com\/hotel-trevi\/#primaryimage"},"thumbnailUrl":"https:\/\/gruppotrevi.com\/wp-content\/uploads\/2026\/04\/IMG_20251104_100233-605x465.webp","datePublished":"2026-04-28T13:29:21+00:00","dateModified":"2026-05-07T14:53:25+00:00","breadcrumb":{"@id":"https:\/\/gruppotrevi.com\/hotel-trevi\/#breadcrumb"},"inLanguage":"es","potentialAction":[{"@type":"ReadAction","target":["https:\/\/gruppotrevi.com\/hotel-trevi\/"]}]},{"@type":"ImageObject","inLanguage":"es","@id":"https:\/\/gruppotrevi.com\/hotel-trevi\/#primaryimage","url":"https:\/\/gruppotrevi.com\/wp-content\/uploads\/2026\/04\/IMG_20251104_100233-605x465.webp","contentUrl":"https:\/\/gruppotrevi.com\/wp-content\/uploads\/2026\/04\/IMG_20251104_100233-605x465.webp"},{"@type":"BreadcrumbList","@id":"https:\/\/gruppotrevi.com\/hotel-trevi\/#breadcrumb","itemListElement":[{"@type":"ListItem","position":1,"name":"Home","item":"https:\/\/gruppotrevi.com\/"},{"@type":"ListItem","position":2,"name":"Hotel Trevi"}]},{"@type":"WebSite","@id":"https:\/\/gruppotrevi.com\/#website","url":"https:\/\/gruppotrevi.com\/","name":"Sito ufficiale Trevi Group in Roma | Prenota adesso","description":"","publisher":{"@id":"https:\/\/gruppotrevi.com\/#organization"},"potentialAction":[{"@type":"SearchAction","target":{"@type":"EntryPoint","urlTemplate":"https:\/\/gruppotrevi.com\/?s={search_term_string}"},"query-input":{"@type":"PropertyValueSpecification","valueRequired":true,"valueName":"search_term_string"}}],"inLanguage":"es"},{"@type":"Organization","@id":"https:\/\/gruppotrevi.com\/#organization","name":"Sito ufficiale Trevi Group in Roma | Prenota adesso","url":"https:\/\/gruppotrevi.com\/","logo":{"@type":"ImageObject","inLanguage":"es","@id":"https:\/\/gruppotrevi.com\/#\/schema\/logo\/image\/","url":"https:\/\/gruppotrevi.com\/wp-content\/uploads\/2026\/02\/logo-gruppo-trevi2026.webp","contentUrl":"https:\/\/gruppotrevi.com\/wp-content\/uploads\/2026\/02\/logo-gruppo-trevi2026.webp","width":500,"height":370,"caption":"Sito ufficiale Trevi Group in Roma | Prenota adesso"},"image":{"@id":"https:\/\/gruppotrevi.com\/#\/schema\/logo\/image\/"}}]}},"jetpack_sharing_enabled":true,"_links":{"self":[{"href":"https:\/\/gruppotrevi.com\/es\/wp-json\/wp\/v2\/pages\/1425","targetHints":{"allow":["GET"]}}],"collection":[{"href":"https:\/\/gruppotrevi.com\/es\/wp-json\/wp\/v2\/pages"}],"about":[{"href":"https:\/\/gruppotrevi.com\/es\/wp-json\/wp\/v2\/types\/page"}],"author":[{"embeddable":true,"href":"https:\/\/gruppotrevi.com\/es\/wp-json\/wp\/v2\/users\/1"}],"replies":[{"embeddable":true,"href":"https:\/\/gruppotrevi.com\/es\/wp-json\/wp\/v2\/comments?post=1425"}],"version-history":[{"count":3,"href":"https:\/\/gruppotrevi.com\/es\/wp-json\/wp\/v2\/pages\/1425\/revisions"}],"predecessor-version":[{"id":1786,"href":"https:\/\/gruppotrevi.com\/es\/wp-json\/wp\/v2\/pages\/1425\/revisions\/1786"}],"wp:attachment":[{"href":"https:\/\/gruppotrevi.com\/es\/wp-json\/wp\/v2\/media?parent=1425"}],"curies":[{"name":"wp","href":"https:\/\/api.w.org\/{rel}","templated":true}]}}