{"id":1410,"date":"2026-04-28T12:34:01","date_gmt":"2026-04-28T12:34:01","guid":{"rendered":"https:\/\/gruppotrevi.com\/hotel-rome-art\/"},"modified":"2026-05-07T13:31:44","modified_gmt":"2026-05-07T13:31:44","slug":"hotel-rome-art","status":"publish","type":"page","link":"https:\/\/gruppotrevi.com\/fr\/hotel-rome-art\/","title":{"rendered":"Hotel Rome Art"},"content":{"rendered":"\t\t<div data-elementor-type=\"wp-page\" data-elementor-id=\"1410\" class=\"elementor elementor-1410 elementor-1155\">\n\t\t\t\t\t\t<section class=\"elementor-section elementor-top-section elementor-element elementor-element-b0733f6 elementor-section-height-min-height elementor-section-boxed elementor-section-height-default elementor-section-items-middle\" data-id=\"b0733f6\" data-element_type=\"section\" data-e-type=\"section\" data-settings=\"{&quot;background_background&quot;:&quot;classic&quot;}\">\n\t\t\t\t\t\t<div class=\"elementor-container elementor-column-gap-default\">\n\t\t\t\t\t<div class=\"elementor-column elementor-col-100 elementor-top-column elementor-element elementor-element-24a4d0e\" data-id=\"24a4d0e\" data-element_type=\"column\" data-e-type=\"column\">\n\t\t\t<div class=\"elementor-widget-wrap\">\n\t\t\t\t\t\t\t<\/div>\n\t\t<\/div>\n\t\t\t\t\t<\/div>\n\t\t<\/section>\n\t\t\t\t<section class=\"elementor-section elementor-top-section elementor-element elementor-element-1d9efe4 elementor-section-boxed elementor-section-height-default elementor-section-height-default\" data-id=\"1d9efe4\" data-element_type=\"section\" data-e-type=\"section\" data-settings=\"{&quot;background_background&quot;:&quot;classic&quot;}\">\n\t\t\t\t\t\t<div class=\"elementor-container elementor-column-gap-default\">\n\t\t\t\t\t<div class=\"elementor-column elementor-col-100 elementor-top-column elementor-element elementor-element-76fc219\" data-id=\"76fc219\" data-element_type=\"column\" data-e-type=\"column\">\n\t\t\t<div class=\"elementor-widget-wrap elementor-element-populated\">\n\t\t\t\t\t\t<div class=\"elementor-element elementor-element-40d49ae elementor-view-default elementor-position-top elementor-widget elementor-widget-themo-header\" data-id=\"40d49ae\" data-element_type=\"widget\" data-e-type=\"widget\" data-widget_type=\"themo-header.default\">\n\t\t\t\t<div class=\"elementor-widget-container\">\n\t\t\t\t\t\t\t<div class=\"th-header-wrap\">\n        <div class=\"elementor-icon-box-wrapper \">\n                            <div class=\"elementor-icon-box-content\">\n                    <h2 class=\"elementor-icon-box-title\">\n                        Hotel Rome Art                    <\/h2>\n                                        <p class=\"elementor-icon-box-description\">Bienvenue au <strong>Rome Art Hotel<\/strong>, o\u00f9 \u00e9l\u00e9gance moderne et confort se conjuguent pour vous offrir un s\u00e9jour unique au c\u0153ur de Rome. Nos chambres r\u00e9cemment r\u00e9nov\u00e9es vous accueillent dans des espaces lumineux et contemporains, con\u00e7us avec soin pour votre d\u00e9tente et votre bien-\u00eatre.\nL'h\u00f4tel se compose de deux b\u00e2timents face \u00e0 face\u00a0: dans le b\u00e2timent principal, vous trouverez une r\u00e9ception chaleureuse, toujours \u00e0 votre disposition, tandis que dans l'annexe, la salle de petit-d\u00e9jeuner vous attend, un cadre agr\u00e9able et relaxant pour bien commencer la journ\u00e9e.\nGr\u00e2ce \u00e0 son emplacement privil\u00e9gi\u00e9, vous pourrez rejoindre \u00e0 pied certains des sites les plus embl\u00e9matiques de la ville, tels que la Place d'Espagne, la Fontaine de Trevi et les rues commer\u00e7antes les plus chics.\nAu <strong>Rome Art Hotel<\/strong>, chaque d\u00e9tail est pens\u00e9 pour vous faire vivre Rome avec style, confort et une touche raffin\u00e9e d'art contemporain.<\/p>\n\n                                            <div class=\"th-btn-wrap\">\n                                                            <a class=\"btn-1 btn th-btn btn-standard-primary\" href=\"https:\/\/romearthotel.com\/fr\/\">\n                                                                            Visitez le site                                                                    <\/a>\n                            \n                                                    <\/div>\n                                    <\/div>\n            <\/div>\n\n        <\/div>\n\n\t\t\t\t\t\t<\/div>\n\t\t\t\t<\/div>\n\t\t\t\t\t<\/div>\n\t\t<\/div>\n\t\t\t\t\t<\/div>\n\t\t<\/section>\n\t\t\t\t<section class=\"elementor-section elementor-top-section elementor-element elementor-element-963a4f2 elementor-section-full_width elementor-section-height-default elementor-section-height-default\" data-id=\"963a4f2\" data-element_type=\"section\" data-e-type=\"section\">\n\t\t\t\t\t\t<div class=\"elementor-container elementor-column-gap-default\">\n\t\t\t\t\t<div class=\"elementor-column elementor-col-100 elementor-top-column elementor-element elementor-element-bd7ce27\" data-id=\"bd7ce27\" data-element_type=\"column\" data-e-type=\"column\">\n\t\t\t<div class=\"elementor-widget-wrap elementor-element-populated\">\n\t\t\t\t\t\t<div class=\"elementor-element elementor-element-95e59e1 elementor-arrows-position-inside elementor-widget elementor-widget-image-carousel\" data-id=\"95e59e1\" data-element_type=\"widget\" data-e-type=\"widget\" data-settings=\"{&quot;slides_to_show&quot;:&quot;3&quot;,&quot;slides_to_scroll&quot;:&quot;1&quot;,&quot;navigation&quot;:&quot;arrows&quot;,&quot;autoplay&quot;:&quot;no&quot;,&quot;infinite&quot;:&quot;yes&quot;,&quot;speed&quot;:500,&quot;image_spacing_custom&quot;:{&quot;unit&quot;:&quot;px&quot;,&quot;size&quot;:20,&quot;sizes&quot;:[]},&quot;image_spacing_custom_tablet&quot;:{&quot;unit&quot;:&quot;px&quot;,&quot;size&quot;:&quot;&quot;,&quot;sizes&quot;:[]},&quot;image_spacing_custom_mobile&quot;:{&quot;unit&quot;:&quot;px&quot;,&quot;size&quot;:&quot;&quot;,&quot;sizes&quot;:[]}}\" data-widget_type=\"image-carousel.default\">\n\t\t\t\t<div class=\"elementor-widget-container\">\n\t\t\t\t\t\t\t<div class=\"elementor-image-carousel-wrapper swiper\" role=\"region\" aria-roledescription=\"carousel\" aria-label=\"Carosello d&#039;immagini\" dir=\"ltr\">\n\t\t\t<div class=\"elementor-image-carousel swiper-wrapper\" aria-live=\"polite\">\n\t\t\t\t\t\t\t\t<div class=\"swiper-slide\" role=\"group\" aria-roledescription=\"slide\" aria-label=\"1 sur 8\"><figure class=\"swiper-slide-inner\"><img decoding=\"async\" class=\"swiper-slide-image\" src=\"https:\/\/gruppotrevi.com\/wp-content\/uploads\/2026\/04\/IMG_20251003_171737-1-605x465.webp\" alt=\"IMG_20251003_171737 (1)\" \/><\/figure><\/div><div class=\"swiper-slide\" role=\"group\" aria-roledescription=\"slide\" aria-label=\"2 sur 8\"><figure class=\"swiper-slide-inner\"><img decoding=\"async\" class=\"swiper-slide-image\" src=\"https:\/\/gruppotrevi.com\/wp-content\/uploads\/2026\/04\/08A4206-Migliorato-NR-605x465.webp\" alt=\"_08A4206-Migliorato-NR\" \/><\/figure><\/div><div class=\"swiper-slide\" role=\"group\" aria-roledescription=\"slide\" aria-label=\"3 sur 8\"><figure class=\"swiper-slide-inner\"><img decoding=\"async\" class=\"swiper-slide-image\" src=\"https:\/\/gruppotrevi.com\/wp-content\/uploads\/2026\/04\/08A4168-Migliorato-NR-605x465.webp\" alt=\"_08A4168-Migliorato-NR\" \/><\/figure><\/div><div class=\"swiper-slide\" role=\"group\" aria-roledescription=\"slide\" aria-label=\"4 sur 8\"><figure class=\"swiper-slide-inner\"><img decoding=\"async\" class=\"swiper-slide-image\" src=\"https:\/\/gruppotrevi.com\/wp-content\/uploads\/2026\/04\/08A4041-Migliorato-NR-1-605x465.webp\" alt=\"_08A4041-Migliorato-NR (1)\" \/><\/figure><\/div><div class=\"swiper-slide\" role=\"group\" aria-roledescription=\"slide\" aria-label=\"5 sur 8\"><figure class=\"swiper-slide-inner\"><img decoding=\"async\" class=\"swiper-slide-image\" src=\"https:\/\/gruppotrevi.com\/wp-content\/uploads\/2026\/04\/08A4040-Migliorato-NR-605x465.webp\" alt=\"_08A4040-Migliorato-NR\" \/><\/figure><\/div><div class=\"swiper-slide\" role=\"group\" aria-roledescription=\"slide\" aria-label=\"6 sur 8\"><figure class=\"swiper-slide-inner\"><img decoding=\"async\" class=\"swiper-slide-image\" src=\"https:\/\/gruppotrevi.com\/wp-content\/uploads\/2026\/04\/08A4066-605x465.webp\" alt=\"_08A4066\" \/><\/figure><\/div><div class=\"swiper-slide\" role=\"group\" aria-roledescription=\"slide\" aria-label=\"7 sur 8\"><figure class=\"swiper-slide-inner\"><img decoding=\"async\" class=\"swiper-slide-image\" src=\"https:\/\/gruppotrevi.com\/wp-content\/uploads\/2026\/04\/08A4239-605x465.webp\" alt=\"_08A4239\" \/><\/figure><\/div><div class=\"swiper-slide\" role=\"group\" aria-roledescription=\"slide\" aria-label=\"8 sur 8\"><figure class=\"swiper-slide-inner\"><img decoding=\"async\" class=\"swiper-slide-image\" src=\"https:\/\/gruppotrevi.com\/wp-content\/uploads\/2026\/04\/IMG_20250724_121644-605x465.webp\" alt=\"IMG_20250724_121644\" \/><\/figure><\/div>\t\t\t<\/div>\n\t\t\t\t\t\t\t\t\t\t\t\t<div class=\"elementor-swiper-button elementor-swiper-button-prev\" role=\"button\" tabindex=\"0\">\n\t\t\t\t\t\t<i aria-hidden=\"true\" class=\"eicon-chevron-left\"><\/i>\t\t\t\t\t<\/div>\n\t\t\t\t\t<div class=\"elementor-swiper-button elementor-swiper-button-next\" role=\"button\" tabindex=\"0\">\n\t\t\t\t\t\t<i aria-hidden=\"true\" class=\"eicon-chevron-right\"><\/i>\t\t\t\t\t<\/div>\n\t\t\t\t\n\t\t\t\t\t\t\t\t\t<\/div>\n\t\t\t\t\t\t<\/div>\n\t\t\t\t<\/div>\n\t\t\t\t\t<\/div>\n\t\t<\/div>\n\t\t\t\t\t<\/div>\n\t\t<\/section>\n\t\t\t\t<\/div>\n\t\t","protected":false},"excerpt":{"rendered":"<p>Hotel Rome Art Bienvenue au Rome Art Hotel, o\u00f9 \u00e9l\u00e9gance moderne et confort se conjuguent pour vous offrir un s\u00e9jour unique au c\u0153ur de Rome. Nos chambres r\u00e9cemment r\u00e9nov\u00e9es vous accueillent dans des espaces lumineux et contemporains, con\u00e7us avec soin &hellip; <a href=\"https:\/\/gruppotrevi.com\/fr\/hotel-rome-art\/\">Read More<\/a><\/p>\n","protected":false},"author":1,"featured_media":0,"parent":0,"menu_order":0,"comment_status":"closed","ping_status":"closed","template":"","meta":{"footnotes":""},"class_list":["post-1410","page","type-page","status-publish","hentry"],"yoast_head":"<!-- This site is optimized with the Yoast SEO plugin v27.5 - https:\/\/yoast.com\/product\/yoast-seo-wordpress\/ -->\n<title>Hotel Rome Art - Sito ufficiale Trevi Group in Roma | Prenota adesso<\/title>\n<meta name=\"robots\" content=\"index, follow, max-snippet:-1, max-image-preview:large, max-video-preview:-1\" \/>\n<link rel=\"canonical\" href=\"https:\/\/gruppotrevi.com\/hotel-rome-art\/\" \/>\n<meta property=\"og:locale\" content=\"fr_FR\" \/>\n<meta property=\"og:type\" content=\"article\" \/>\n<meta property=\"og:title\" content=\"Hotel Rome Art - Sito ufficiale Trevi Group in Roma | Prenota adesso\" \/>\n<meta property=\"og:description\" content=\"Hotel Rome Art Bienvenue au Rome Art Hotel, o\u00f9 \u00e9l\u00e9gance moderne et confort se conjuguent pour vous offrir un s\u00e9jour unique au c\u0153ur de Rome. Nos chambres r\u00e9cemment r\u00e9nov\u00e9es vous accueillent dans des espaces lumineux et contemporains, con\u00e7us avec soin &hellip; Read More\" \/>\n<meta property=\"og:url\" content=\"https:\/\/gruppotrevi.com\/hotel-rome-art\/\" \/>\n<meta property=\"og:site_name\" content=\"Sito ufficiale Trevi Group in Roma | Prenota adesso\" \/>\n<meta property=\"article:modified_time\" content=\"2026-05-07T13:31:44+00:00\" \/>\n<meta property=\"og:image\" content=\"https:\/\/gruppotrevi.com\/wp-content\/uploads\/2026\/04\/IMG_20251003_171737-1-605x465.webp\" \/>\n<meta name=\"twitter:card\" content=\"summary_large_image\" \/>\n<meta name=\"twitter:label1\" content=\"Dur\u00e9e de lecture estim\u00e9e\" \/>\n\t<meta name=\"twitter:data1\" content=\"3 minutes\" \/>\n<script type=\"application\/ld+json\" class=\"yoast-schema-graph\">{\"@context\":\"https:\\\/\\\/schema.org\",\"@graph\":[{\"@type\":\"WebPage\",\"@id\":\"https:\\\/\\\/gruppotrevi.com\\\/hotel-rome-art\\\/\",\"url\":\"https:\\\/\\\/gruppotrevi.com\\\/hotel-rome-art\\\/\",\"name\":\"Hotel Rome Art - Sito ufficiale Trevi Group in Roma | Prenota adesso\",\"isPartOf\":{\"@id\":\"https:\\\/\\\/gruppotrevi.com\\\/#website\"},\"primaryImageOfPage\":{\"@id\":\"https:\\\/\\\/gruppotrevi.com\\\/hotel-rome-art\\\/#primaryimage\"},\"image\":{\"@id\":\"https:\\\/\\\/gruppotrevi.com\\\/hotel-rome-art\\\/#primaryimage\"},\"thumbnailUrl\":\"https:\\\/\\\/gruppotrevi.com\\\/wp-content\\\/uploads\\\/2026\\\/04\\\/IMG_20251003_171737-1-605x465.webp\",\"datePublished\":\"2026-04-28T12:34:01+00:00\",\"dateModified\":\"2026-05-07T13:31:44+00:00\",\"breadcrumb\":{\"@id\":\"https:\\\/\\\/gruppotrevi.com\\\/hotel-rome-art\\\/#breadcrumb\"},\"inLanguage\":\"fr-FR\",\"potentialAction\":[{\"@type\":\"ReadAction\",\"target\":[\"https:\\\/\\\/gruppotrevi.com\\\/hotel-rome-art\\\/\"]}]},{\"@type\":\"ImageObject\",\"inLanguage\":\"fr-FR\",\"@id\":\"https:\\\/\\\/gruppotrevi.com\\\/hotel-rome-art\\\/#primaryimage\",\"url\":\"https:\\\/\\\/gruppotrevi.com\\\/wp-content\\\/uploads\\\/2026\\\/04\\\/IMG_20251003_171737-1-605x465.webp\",\"contentUrl\":\"https:\\\/\\\/gruppotrevi.com\\\/wp-content\\\/uploads\\\/2026\\\/04\\\/IMG_20251003_171737-1-605x465.webp\"},{\"@type\":\"BreadcrumbList\",\"@id\":\"https:\\\/\\\/gruppotrevi.com\\\/hotel-rome-art\\\/#breadcrumb\",\"itemListElement\":[{\"@type\":\"ListItem\",\"position\":1,\"name\":\"Home\",\"item\":\"https:\\\/\\\/gruppotrevi.com\\\/\"},{\"@type\":\"ListItem\",\"position\":2,\"name\":\"Hotel Rome Art\"}]},{\"@type\":\"WebSite\",\"@id\":\"https:\\\/\\\/gruppotrevi.com\\\/#website\",\"url\":\"https:\\\/\\\/gruppotrevi.com\\\/\",\"name\":\"Sito ufficiale Trevi Group in Roma | Prenota adesso\",\"description\":\"\",\"publisher\":{\"@id\":\"https:\\\/\\\/gruppotrevi.com\\\/#organization\"},\"potentialAction\":[{\"@type\":\"SearchAction\",\"target\":{\"@type\":\"EntryPoint\",\"urlTemplate\":\"https:\\\/\\\/gruppotrevi.com\\\/?s={search_term_string}\"},\"query-input\":{\"@type\":\"PropertyValueSpecification\",\"valueRequired\":true,\"valueName\":\"search_term_string\"}}],\"inLanguage\":\"fr-FR\"},{\"@type\":\"Organization\",\"@id\":\"https:\\\/\\\/gruppotrevi.com\\\/#organization\",\"name\":\"Sito ufficiale Trevi Group in Roma | Prenota adesso\",\"url\":\"https:\\\/\\\/gruppotrevi.com\\\/\",\"logo\":{\"@type\":\"ImageObject\",\"inLanguage\":\"fr-FR\",\"@id\":\"https:\\\/\\\/gruppotrevi.com\\\/#\\\/schema\\\/logo\\\/image\\\/\",\"url\":\"https:\\\/\\\/gruppotrevi.com\\\/wp-content\\\/uploads\\\/2026\\\/02\\\/logo-gruppo-trevi2026.webp\",\"contentUrl\":\"https:\\\/\\\/gruppotrevi.com\\\/wp-content\\\/uploads\\\/2026\\\/02\\\/logo-gruppo-trevi2026.webp\",\"width\":500,\"height\":370,\"caption\":\"Sito ufficiale Trevi Group in Roma | Prenota adesso\"},\"image\":{\"@id\":\"https:\\\/\\\/gruppotrevi.com\\\/#\\\/schema\\\/logo\\\/image\\\/\"}}]}<\/script>\n<!-- \/ Yoast SEO plugin. -->","yoast_head_json":{"title":"Hotel Rome Art - Sito ufficiale Trevi Group in Roma | Prenota adesso","robots":{"index":"index","follow":"follow","max-snippet":"max-snippet:-1","max-image-preview":"max-image-preview:large","max-video-preview":"max-video-preview:-1"},"canonical":"https:\/\/gruppotrevi.com\/hotel-rome-art\/","og_locale":"fr_FR","og_type":"article","og_title":"Hotel Rome Art - Sito ufficiale Trevi Group in Roma | Prenota adesso","og_description":"Hotel Rome Art Bienvenue au Rome Art Hotel, o\u00f9 \u00e9l\u00e9gance moderne et confort se conjuguent pour vous offrir un s\u00e9jour unique au c\u0153ur de Rome. Nos chambres r\u00e9cemment r\u00e9nov\u00e9es vous accueillent dans des espaces lumineux et contemporains, con\u00e7us avec soin &hellip; Read More","og_url":"https:\/\/gruppotrevi.com\/hotel-rome-art\/","og_site_name":"Sito ufficiale Trevi Group in Roma | Prenota adesso","article_modified_time":"2026-05-07T13:31:44+00:00","og_image":[{"url":"https:\/\/gruppotrevi.com\/wp-content\/uploads\/2026\/04\/IMG_20251003_171737-1-605x465.webp","type":"","width":"","height":""}],"twitter_card":"summary_large_image","twitter_misc":{"Dur\u00e9e de lecture estim\u00e9e":"3 minutes"},"schema":{"@context":"https:\/\/schema.org","@graph":[{"@type":"WebPage","@id":"https:\/\/gruppotrevi.com\/hotel-rome-art\/","url":"https:\/\/gruppotrevi.com\/hotel-rome-art\/","name":"Hotel Rome Art - Sito ufficiale Trevi Group in Roma | Prenota adesso","isPartOf":{"@id":"https:\/\/gruppotrevi.com\/#website"},"primaryImageOfPage":{"@id":"https:\/\/gruppotrevi.com\/hotel-rome-art\/#primaryimage"},"image":{"@id":"https:\/\/gruppotrevi.com\/hotel-rome-art\/#primaryimage"},"thumbnailUrl":"https:\/\/gruppotrevi.com\/wp-content\/uploads\/2026\/04\/IMG_20251003_171737-1-605x465.webp","datePublished":"2026-04-28T12:34:01+00:00","dateModified":"2026-05-07T13:31:44+00:00","breadcrumb":{"@id":"https:\/\/gruppotrevi.com\/hotel-rome-art\/#breadcrumb"},"inLanguage":"fr-FR","potentialAction":[{"@type":"ReadAction","target":["https:\/\/gruppotrevi.com\/hotel-rome-art\/"]}]},{"@type":"ImageObject","inLanguage":"fr-FR","@id":"https:\/\/gruppotrevi.com\/hotel-rome-art\/#primaryimage","url":"https:\/\/gruppotrevi.com\/wp-content\/uploads\/2026\/04\/IMG_20251003_171737-1-605x465.webp","contentUrl":"https:\/\/gruppotrevi.com\/wp-content\/uploads\/2026\/04\/IMG_20251003_171737-1-605x465.webp"},{"@type":"BreadcrumbList","@id":"https:\/\/gruppotrevi.com\/hotel-rome-art\/#breadcrumb","itemListElement":[{"@type":"ListItem","position":1,"name":"Home","item":"https:\/\/gruppotrevi.com\/"},{"@type":"ListItem","position":2,"name":"Hotel Rome Art"}]},{"@type":"WebSite","@id":"https:\/\/gruppotrevi.com\/#website","url":"https:\/\/gruppotrevi.com\/","name":"Sito ufficiale Trevi Group in Roma | Prenota adesso","description":"","publisher":{"@id":"https:\/\/gruppotrevi.com\/#organization"},"potentialAction":[{"@type":"SearchAction","target":{"@type":"EntryPoint","urlTemplate":"https:\/\/gruppotrevi.com\/?s={search_term_string}"},"query-input":{"@type":"PropertyValueSpecification","valueRequired":true,"valueName":"search_term_string"}}],"inLanguage":"fr-FR"},{"@type":"Organization","@id":"https:\/\/gruppotrevi.com\/#organization","name":"Sito ufficiale Trevi Group in Roma | Prenota adesso","url":"https:\/\/gruppotrevi.com\/","logo":{"@type":"ImageObject","inLanguage":"fr-FR","@id":"https:\/\/gruppotrevi.com\/#\/schema\/logo\/image\/","url":"https:\/\/gruppotrevi.com\/wp-content\/uploads\/2026\/02\/logo-gruppo-trevi2026.webp","contentUrl":"https:\/\/gruppotrevi.com\/wp-content\/uploads\/2026\/02\/logo-gruppo-trevi2026.webp","width":500,"height":370,"caption":"Sito ufficiale Trevi Group in Roma | Prenota adesso"},"image":{"@id":"https:\/\/gruppotrevi.com\/#\/schema\/logo\/image\/"}}]}},"jetpack_sharing_enabled":true,"_links":{"self":[{"href":"https:\/\/gruppotrevi.com\/fr\/wp-json\/wp\/v2\/pages\/1410","targetHints":{"allow":["GET"]}}],"collection":[{"href":"https:\/\/gruppotrevi.com\/fr\/wp-json\/wp\/v2\/pages"}],"about":[{"href":"https:\/\/gruppotrevi.com\/fr\/wp-json\/wp\/v2\/types\/page"}],"author":[{"embeddable":true,"href":"https:\/\/gruppotrevi.com\/fr\/wp-json\/wp\/v2\/users\/1"}],"replies":[{"embeddable":true,"href":"https:\/\/gruppotrevi.com\/fr\/wp-json\/wp\/v2\/comments?post=1410"}],"version-history":[{"count":3,"href":"https:\/\/gruppotrevi.com\/fr\/wp-json\/wp\/v2\/pages\/1410\/revisions"}],"predecessor-version":[{"id":1594,"href":"https:\/\/gruppotrevi.com\/fr\/wp-json\/wp\/v2\/pages\/1410\/revisions\/1594"}],"wp:attachment":[{"href":"https:\/\/gruppotrevi.com\/fr\/wp-json\/wp\/v2\/media?parent=1410"}],"curies":[{"name":"wp","href":"https:\/\/api.w.org\/{rel}","templated":true}]}}