{"id":1421,"date":"2026-04-28T13:29:21","date_gmt":"2026-04-28T13:29:21","guid":{"rendered":"https:\/\/gruppotrevi.com\/hotel-trevi\/"},"modified":"2026-05-07T13:36:42","modified_gmt":"2026-05-07T13:36:42","slug":"hotel-trevi","status":"publish","type":"page","link":"https:\/\/gruppotrevi.com\/fr\/hotel-trevi\/","title":{"rendered":"Hotel Trevi"},"content":{"rendered":"\t\t<div data-elementor-type=\"wp-page\" data-elementor-id=\"1421\" class=\"elementor elementor-1421 elementor-1245\">\n\t\t\t\t\t\t<section class=\"elementor-section elementor-top-section elementor-element elementor-element-9d386d8 elementor-section-height-min-height elementor-section-boxed elementor-section-height-default elementor-section-items-middle\" data-id=\"9d386d8\" data-element_type=\"section\" data-e-type=\"section\" data-settings=\"{&quot;background_background&quot;:&quot;classic&quot;}\">\n\t\t\t\t\t\t<div class=\"elementor-container elementor-column-gap-default\">\n\t\t\t\t\t<div class=\"elementor-column elementor-col-100 elementor-top-column elementor-element elementor-element-eedaf8c\" data-id=\"eedaf8c\" data-element_type=\"column\" data-e-type=\"column\">\n\t\t\t<div class=\"elementor-widget-wrap\">\n\t\t\t\t\t\t\t<\/div>\n\t\t<\/div>\n\t\t\t\t\t<\/div>\n\t\t<\/section>\n\t\t\t\t<section class=\"elementor-section elementor-top-section elementor-element elementor-element-be153c7 elementor-section-boxed elementor-section-height-default elementor-section-height-default\" data-id=\"be153c7\" data-element_type=\"section\" data-e-type=\"section\" data-settings=\"{&quot;background_background&quot;:&quot;classic&quot;}\">\n\t\t\t\t\t\t<div class=\"elementor-container elementor-column-gap-default\">\n\t\t\t\t\t<div class=\"elementor-column elementor-col-100 elementor-top-column elementor-element elementor-element-db4de8f\" data-id=\"db4de8f\" data-element_type=\"column\" data-e-type=\"column\">\n\t\t\t<div class=\"elementor-widget-wrap elementor-element-populated\">\n\t\t\t\t\t\t<div class=\"elementor-element elementor-element-759ec55 elementor-view-default elementor-position-top elementor-widget elementor-widget-themo-header\" data-id=\"759ec55\" data-element_type=\"widget\" data-e-type=\"widget\" data-widget_type=\"themo-header.default\">\n\t\t\t\t<div class=\"elementor-widget-container\">\n\t\t\t\t\t\t\t<div class=\"th-header-wrap\">\n        <div class=\"elementor-icon-box-wrapper \">\n                            <div class=\"elementor-icon-box-content\">\n                    <h2 class=\"elementor-icon-box-title\">\n                        Hotel Trevi                    <\/h2>\n                                        <p class=\"elementor-icon-box-description\">L'<strong>H\u00f4tel Trevi<\/strong> est un authentique h\u00f4tel compos\u00e9 de plusieurs b\u00e2timents, situ\u00e9 en plein <strong>c\u0153ur de Rome<\/strong>\u00a0: un ensemble harmonieux d'\u00e9l\u00e9gants \u00e9difices historiques, tous accessibles \u00e0 pied. La r\u00e9ception se trouve dans le b\u00e2timent principal, o\u00f9 sont situ\u00e9es <strong>les chambres<\/strong>, la salle de petit-d\u00e9jeuner et le hall. \u00c0 proximit\u00e9, des annexes et des suites occupent des b\u00e2timents d'\u00e9poque finement r\u00e9nov\u00e9s. <strong>Diff\u00e9rents types d'h\u00e9bergement<\/strong>, un seul style\u00a0: une \u00e9l\u00e9gance naturelle et un go\u00fbt impeccable, qui ont toujours caract\u00e9ris\u00e9 l'hospitalit\u00e9 de l'<strong>H\u00f4tel Trevi<\/strong>.\n\u00c0 deux pas de la <strong>fontaine de Trevi<\/strong>, l'h\u00f4tel est un v\u00e9ritable gage de qualit\u00e9 \u00e0 l'italienne, o\u00f9 histoire, beaut\u00e9 et confort se conjuguent pour une exp\u00e9rience unique.\n<\/p>\n\n                                            <div class=\"th-btn-wrap\">\n                                                            <a class=\"btn-1 btn th-btn btn-standard-primary\" href=\"https:\/\/hoteltrevirome.com\/fr\/\">\n                                                                            Visitez le site                                                                    <\/a>\n                            \n                                                    <\/div>\n                                    <\/div>\n            <\/div>\n\n        <\/div>\n\n\t\t\t\t\t\t<\/div>\n\t\t\t\t<\/div>\n\t\t\t\t\t<\/div>\n\t\t<\/div>\n\t\t\t\t\t<\/div>\n\t\t<\/section>\n\t\t\t\t<section class=\"elementor-section elementor-top-section elementor-element elementor-element-e92015b elementor-section-full_width elementor-section-height-default elementor-section-height-default\" data-id=\"e92015b\" data-element_type=\"section\" data-e-type=\"section\">\n\t\t\t\t\t\t<div class=\"elementor-container elementor-column-gap-default\">\n\t\t\t\t\t<div class=\"elementor-column elementor-col-100 elementor-top-column elementor-element elementor-element-e3987dc\" data-id=\"e3987dc\" data-element_type=\"column\" data-e-type=\"column\">\n\t\t\t<div class=\"elementor-widget-wrap elementor-element-populated\">\n\t\t\t\t\t\t<div class=\"elementor-element elementor-element-d7d4931 elementor-arrows-position-inside elementor-widget elementor-widget-image-carousel\" data-id=\"d7d4931\" data-element_type=\"widget\" data-e-type=\"widget\" data-settings=\"{&quot;slides_to_show&quot;:&quot;3&quot;,&quot;slides_to_scroll&quot;:&quot;1&quot;,&quot;navigation&quot;:&quot;arrows&quot;,&quot;autoplay&quot;:&quot;no&quot;,&quot;infinite&quot;:&quot;yes&quot;,&quot;speed&quot;:500,&quot;image_spacing_custom&quot;:{&quot;unit&quot;:&quot;px&quot;,&quot;size&quot;:20,&quot;sizes&quot;:[]},&quot;image_spacing_custom_tablet&quot;:{&quot;unit&quot;:&quot;px&quot;,&quot;size&quot;:&quot;&quot;,&quot;sizes&quot;:[]},&quot;image_spacing_custom_mobile&quot;:{&quot;unit&quot;:&quot;px&quot;,&quot;size&quot;:&quot;&quot;,&quot;sizes&quot;:[]}}\" data-widget_type=\"image-carousel.default\">\n\t\t\t\t<div class=\"elementor-widget-container\">\n\t\t\t\t\t\t\t<div class=\"elementor-image-carousel-wrapper swiper\" role=\"region\" aria-roledescription=\"carousel\" aria-label=\"Carosello d&#039;immagini\" dir=\"ltr\">\n\t\t\t<div class=\"elementor-image-carousel swiper-wrapper\" aria-live=\"polite\">\n\t\t\t\t\t\t\t\t<div class=\"swiper-slide\" role=\"group\" aria-roledescription=\"slide\" aria-label=\"1 sur 10\"><figure class=\"swiper-slide-inner\"><img decoding=\"async\" class=\"swiper-slide-image\" src=\"https:\/\/gruppotrevi.com\/wp-content\/uploads\/2026\/04\/IMG_20251104_100233-605x465.webp\" alt=\"IMG_20251104_100233\" \/><\/figure><\/div><div class=\"swiper-slide\" role=\"group\" aria-roledescription=\"slide\" aria-label=\"2 sur 10\"><figure class=\"swiper-slide-inner\"><img decoding=\"async\" class=\"swiper-slide-image\" src=\"https:\/\/gruppotrevi.com\/wp-content\/uploads\/2026\/04\/DSC0312-605x465.webp\" alt=\"_DSC0312\" \/><\/figure><\/div><div class=\"swiper-slide\" role=\"group\" aria-roledescription=\"slide\" aria-label=\"3 sur 10\"><figure class=\"swiper-slide-inner\"><img decoding=\"async\" class=\"swiper-slide-image\" src=\"https:\/\/gruppotrevi.com\/wp-content\/uploads\/2026\/04\/08A4440-605x465.webp\" alt=\"_08A4440\" \/><\/figure><\/div><div class=\"swiper-slide\" role=\"group\" aria-roledescription=\"slide\" aria-label=\"4 sur 10\"><figure class=\"swiper-slide-inner\"><img decoding=\"async\" class=\"swiper-slide-image\" src=\"https:\/\/gruppotrevi.com\/wp-content\/uploads\/2026\/04\/08A0162-1-605x465.webp\" alt=\"_08A0162 (1)\" \/><\/figure><\/div><div class=\"swiper-slide\" role=\"group\" aria-roledescription=\"slide\" aria-label=\"5 sur 10\"><figure class=\"swiper-slide-inner\"><img decoding=\"async\" class=\"swiper-slide-image\" src=\"https:\/\/gruppotrevi.com\/wp-content\/uploads\/2026\/04\/08A0204-1-605x465.webp\" alt=\"_08A0204 (1)\" \/><\/figure><\/div><div class=\"swiper-slide\" role=\"group\" aria-roledescription=\"slide\" aria-label=\"6 sur 10\"><figure class=\"swiper-slide-inner\"><img decoding=\"async\" class=\"swiper-slide-image\" src=\"https:\/\/gruppotrevi.com\/wp-content\/uploads\/2026\/04\/08A0252-Modifica-605x465.webp\" alt=\"_08A0252-Modifica\" \/><\/figure><\/div><div class=\"swiper-slide\" role=\"group\" aria-roledescription=\"slide\" aria-label=\"7 sur 10\"><figure class=\"swiper-slide-inner\"><img decoding=\"async\" class=\"swiper-slide-image\" src=\"https:\/\/gruppotrevi.com\/wp-content\/uploads\/2026\/04\/08A0243-605x465.webp\" alt=\"_08A0243\" \/><\/figure><\/div><div class=\"swiper-slide\" role=\"group\" aria-roledescription=\"slide\" aria-label=\"8 sur 10\"><figure class=\"swiper-slide-inner\"><img decoding=\"async\" class=\"swiper-slide-image\" src=\"https:\/\/gruppotrevi.com\/wp-content\/uploads\/2026\/04\/08A0233-605x465.webp\" alt=\"_08A0233\" \/><\/figure><\/div><div class=\"swiper-slide\" role=\"group\" aria-roledescription=\"slide\" aria-label=\"9 sur 10\"><figure class=\"swiper-slide-inner\"><img decoding=\"async\" class=\"swiper-slide-image\" src=\"https:\/\/gruppotrevi.com\/wp-content\/uploads\/2026\/04\/08A0262-605x465.webp\" alt=\"_08A0262\" \/><\/figure><\/div><div class=\"swiper-slide\" role=\"group\" aria-roledescription=\"slide\" aria-label=\"10 sur 10\"><figure class=\"swiper-slide-inner\"><img decoding=\"async\" class=\"swiper-slide-image\" src=\"https:\/\/gruppotrevi.com\/wp-content\/uploads\/2026\/04\/DSC0297-605x465.webp\" alt=\"_DSC0297\" \/><\/figure><\/div>\t\t\t<\/div>\n\t\t\t\t\t\t\t\t\t\t\t\t<div class=\"elementor-swiper-button elementor-swiper-button-prev\" role=\"button\" tabindex=\"0\">\n\t\t\t\t\t\t<i aria-hidden=\"true\" class=\"eicon-chevron-left\"><\/i>\t\t\t\t\t<\/div>\n\t\t\t\t\t<div class=\"elementor-swiper-button elementor-swiper-button-next\" role=\"button\" tabindex=\"0\">\n\t\t\t\t\t\t<i aria-hidden=\"true\" class=\"eicon-chevron-right\"><\/i>\t\t\t\t\t<\/div>\n\t\t\t\t\n\t\t\t\t\t\t\t\t\t<\/div>\n\t\t\t\t\t\t<\/div>\n\t\t\t\t<\/div>\n\t\t\t\t\t<\/div>\n\t\t<\/div>\n\t\t\t\t\t<\/div>\n\t\t<\/section>\n\t\t\t\t<\/div>\n\t\t","protected":false},"excerpt":{"rendered":"<p>Hotel Trevi L&rsquo;H\u00f4tel Trevi est un authentique h\u00f4tel compos\u00e9 de plusieurs b\u00e2timents, situ\u00e9 en plein c\u0153ur de Rome\u00a0: un ensemble harmonieux d&rsquo;\u00e9l\u00e9gants \u00e9difices historiques, tous accessibles \u00e0 pied. La r\u00e9ception se trouve dans le b\u00e2timent principal, o\u00f9 sont situ\u00e9es les &hellip; <a href=\"https:\/\/gruppotrevi.com\/fr\/hotel-trevi\/\">Read More<\/a><\/p>\n","protected":false},"author":1,"featured_media":0,"parent":0,"menu_order":0,"comment_status":"closed","ping_status":"closed","template":"","meta":{"footnotes":""},"class_list":["post-1421","page","type-page","status-publish","hentry"],"yoast_head":"<!-- This site is optimized with the Yoast SEO plugin v27.5 - https:\/\/yoast.com\/product\/yoast-seo-wordpress\/ -->\n<title>Hotel Trevi - Sito ufficiale Trevi Group in Roma | Prenota adesso<\/title>\n<meta name=\"robots\" content=\"index, follow, max-snippet:-1, max-image-preview:large, max-video-preview:-1\" \/>\n<link rel=\"canonical\" href=\"https:\/\/gruppotrevi.com\/hotel-trevi\/\" \/>\n<meta property=\"og:locale\" content=\"fr_FR\" \/>\n<meta property=\"og:type\" content=\"article\" \/>\n<meta property=\"og:title\" content=\"Hotel Trevi - Sito ufficiale Trevi Group in Roma | Prenota adesso\" \/>\n<meta property=\"og:description\" content=\"Hotel Trevi L&rsquo;H\u00f4tel Trevi est un authentique h\u00f4tel compos\u00e9 de plusieurs b\u00e2timents, situ\u00e9 en plein c\u0153ur de Rome\u00a0: un ensemble harmonieux d&rsquo;\u00e9l\u00e9gants \u00e9difices historiques, tous accessibles \u00e0 pied. La r\u00e9ception se trouve dans le b\u00e2timent principal, o\u00f9 sont situ\u00e9es les &hellip; Read More\" \/>\n<meta property=\"og:url\" content=\"https:\/\/gruppotrevi.com\/hotel-trevi\/\" \/>\n<meta property=\"og:site_name\" content=\"Sito ufficiale Trevi Group in Roma | Prenota adesso\" \/>\n<meta property=\"article:modified_time\" content=\"2026-05-07T13:36:42+00:00\" \/>\n<meta property=\"og:image\" content=\"https:\/\/gruppotrevi.com\/wp-content\/uploads\/2026\/04\/IMG_20251104_100233-605x465.webp\" \/>\n<meta name=\"twitter:card\" content=\"summary_large_image\" \/>\n<meta name=\"twitter:label1\" content=\"Dur\u00e9e de lecture estim\u00e9e\" \/>\n\t<meta name=\"twitter:data1\" content=\"4 minutes\" \/>\n<script type=\"application\/ld+json\" class=\"yoast-schema-graph\">{\"@context\":\"https:\\\/\\\/schema.org\",\"@graph\":[{\"@type\":\"WebPage\",\"@id\":\"https:\\\/\\\/gruppotrevi.com\\\/hotel-trevi\\\/\",\"url\":\"https:\\\/\\\/gruppotrevi.com\\\/hotel-trevi\\\/\",\"name\":\"Hotel Trevi - Sito ufficiale Trevi Group in Roma | Prenota adesso\",\"isPartOf\":{\"@id\":\"https:\\\/\\\/gruppotrevi.com\\\/#website\"},\"primaryImageOfPage\":{\"@id\":\"https:\\\/\\\/gruppotrevi.com\\\/hotel-trevi\\\/#primaryimage\"},\"image\":{\"@id\":\"https:\\\/\\\/gruppotrevi.com\\\/hotel-trevi\\\/#primaryimage\"},\"thumbnailUrl\":\"https:\\\/\\\/gruppotrevi.com\\\/wp-content\\\/uploads\\\/2026\\\/04\\\/IMG_20251104_100233-605x465.webp\",\"datePublished\":\"2026-04-28T13:29:21+00:00\",\"dateModified\":\"2026-05-07T13:36:42+00:00\",\"breadcrumb\":{\"@id\":\"https:\\\/\\\/gruppotrevi.com\\\/hotel-trevi\\\/#breadcrumb\"},\"inLanguage\":\"fr-FR\",\"potentialAction\":[{\"@type\":\"ReadAction\",\"target\":[\"https:\\\/\\\/gruppotrevi.com\\\/hotel-trevi\\\/\"]}]},{\"@type\":\"ImageObject\",\"inLanguage\":\"fr-FR\",\"@id\":\"https:\\\/\\\/gruppotrevi.com\\\/hotel-trevi\\\/#primaryimage\",\"url\":\"https:\\\/\\\/gruppotrevi.com\\\/wp-content\\\/uploads\\\/2026\\\/04\\\/IMG_20251104_100233-605x465.webp\",\"contentUrl\":\"https:\\\/\\\/gruppotrevi.com\\\/wp-content\\\/uploads\\\/2026\\\/04\\\/IMG_20251104_100233-605x465.webp\"},{\"@type\":\"BreadcrumbList\",\"@id\":\"https:\\\/\\\/gruppotrevi.com\\\/hotel-trevi\\\/#breadcrumb\",\"itemListElement\":[{\"@type\":\"ListItem\",\"position\":1,\"name\":\"Home\",\"item\":\"https:\\\/\\\/gruppotrevi.com\\\/\"},{\"@type\":\"ListItem\",\"position\":2,\"name\":\"Hotel Trevi\"}]},{\"@type\":\"WebSite\",\"@id\":\"https:\\\/\\\/gruppotrevi.com\\\/#website\",\"url\":\"https:\\\/\\\/gruppotrevi.com\\\/\",\"name\":\"Sito ufficiale Trevi Group in Roma | Prenota adesso\",\"description\":\"\",\"publisher\":{\"@id\":\"https:\\\/\\\/gruppotrevi.com\\\/#organization\"},\"potentialAction\":[{\"@type\":\"SearchAction\",\"target\":{\"@type\":\"EntryPoint\",\"urlTemplate\":\"https:\\\/\\\/gruppotrevi.com\\\/?s={search_term_string}\"},\"query-input\":{\"@type\":\"PropertyValueSpecification\",\"valueRequired\":true,\"valueName\":\"search_term_string\"}}],\"inLanguage\":\"fr-FR\"},{\"@type\":\"Organization\",\"@id\":\"https:\\\/\\\/gruppotrevi.com\\\/#organization\",\"name\":\"Sito ufficiale Trevi Group in Roma | Prenota adesso\",\"url\":\"https:\\\/\\\/gruppotrevi.com\\\/\",\"logo\":{\"@type\":\"ImageObject\",\"inLanguage\":\"fr-FR\",\"@id\":\"https:\\\/\\\/gruppotrevi.com\\\/#\\\/schema\\\/logo\\\/image\\\/\",\"url\":\"https:\\\/\\\/gruppotrevi.com\\\/wp-content\\\/uploads\\\/2026\\\/02\\\/logo-gruppo-trevi2026.webp\",\"contentUrl\":\"https:\\\/\\\/gruppotrevi.com\\\/wp-content\\\/uploads\\\/2026\\\/02\\\/logo-gruppo-trevi2026.webp\",\"width\":500,\"height\":370,\"caption\":\"Sito ufficiale Trevi Group in Roma | Prenota adesso\"},\"image\":{\"@id\":\"https:\\\/\\\/gruppotrevi.com\\\/#\\\/schema\\\/logo\\\/image\\\/\"}}]}<\/script>\n<!-- \/ Yoast SEO plugin. -->","yoast_head_json":{"title":"Hotel Trevi - Sito ufficiale Trevi Group in Roma | Prenota adesso","robots":{"index":"index","follow":"follow","max-snippet":"max-snippet:-1","max-image-preview":"max-image-preview:large","max-video-preview":"max-video-preview:-1"},"canonical":"https:\/\/gruppotrevi.com\/hotel-trevi\/","og_locale":"fr_FR","og_type":"article","og_title":"Hotel Trevi - Sito ufficiale Trevi Group in Roma | Prenota adesso","og_description":"Hotel Trevi L&rsquo;H\u00f4tel Trevi est un authentique h\u00f4tel compos\u00e9 de plusieurs b\u00e2timents, situ\u00e9 en plein c\u0153ur de Rome\u00a0: un ensemble harmonieux d&rsquo;\u00e9l\u00e9gants \u00e9difices historiques, tous accessibles \u00e0 pied. La r\u00e9ception se trouve dans le b\u00e2timent principal, o\u00f9 sont situ\u00e9es les &hellip; Read More","og_url":"https:\/\/gruppotrevi.com\/hotel-trevi\/","og_site_name":"Sito ufficiale Trevi Group in Roma | Prenota adesso","article_modified_time":"2026-05-07T13:36:42+00:00","og_image":[{"url":"https:\/\/gruppotrevi.com\/wp-content\/uploads\/2026\/04\/IMG_20251104_100233-605x465.webp","type":"","width":"","height":""}],"twitter_card":"summary_large_image","twitter_misc":{"Dur\u00e9e de lecture estim\u00e9e":"4 minutes"},"schema":{"@context":"https:\/\/schema.org","@graph":[{"@type":"WebPage","@id":"https:\/\/gruppotrevi.com\/hotel-trevi\/","url":"https:\/\/gruppotrevi.com\/hotel-trevi\/","name":"Hotel Trevi - Sito ufficiale Trevi Group in Roma | Prenota adesso","isPartOf":{"@id":"https:\/\/gruppotrevi.com\/#website"},"primaryImageOfPage":{"@id":"https:\/\/gruppotrevi.com\/hotel-trevi\/#primaryimage"},"image":{"@id":"https:\/\/gruppotrevi.com\/hotel-trevi\/#primaryimage"},"thumbnailUrl":"https:\/\/gruppotrevi.com\/wp-content\/uploads\/2026\/04\/IMG_20251104_100233-605x465.webp","datePublished":"2026-04-28T13:29:21+00:00","dateModified":"2026-05-07T13:36:42+00:00","breadcrumb":{"@id":"https:\/\/gruppotrevi.com\/hotel-trevi\/#breadcrumb"},"inLanguage":"fr-FR","potentialAction":[{"@type":"ReadAction","target":["https:\/\/gruppotrevi.com\/hotel-trevi\/"]}]},{"@type":"ImageObject","inLanguage":"fr-FR","@id":"https:\/\/gruppotrevi.com\/hotel-trevi\/#primaryimage","url":"https:\/\/gruppotrevi.com\/wp-content\/uploads\/2026\/04\/IMG_20251104_100233-605x465.webp","contentUrl":"https:\/\/gruppotrevi.com\/wp-content\/uploads\/2026\/04\/IMG_20251104_100233-605x465.webp"},{"@type":"BreadcrumbList","@id":"https:\/\/gruppotrevi.com\/hotel-trevi\/#breadcrumb","itemListElement":[{"@type":"ListItem","position":1,"name":"Home","item":"https:\/\/gruppotrevi.com\/"},{"@type":"ListItem","position":2,"name":"Hotel Trevi"}]},{"@type":"WebSite","@id":"https:\/\/gruppotrevi.com\/#website","url":"https:\/\/gruppotrevi.com\/","name":"Sito ufficiale Trevi Group in Roma | Prenota adesso","description":"","publisher":{"@id":"https:\/\/gruppotrevi.com\/#organization"},"potentialAction":[{"@type":"SearchAction","target":{"@type":"EntryPoint","urlTemplate":"https:\/\/gruppotrevi.com\/?s={search_term_string}"},"query-input":{"@type":"PropertyValueSpecification","valueRequired":true,"valueName":"search_term_string"}}],"inLanguage":"fr-FR"},{"@type":"Organization","@id":"https:\/\/gruppotrevi.com\/#organization","name":"Sito ufficiale Trevi Group in Roma | Prenota adesso","url":"https:\/\/gruppotrevi.com\/","logo":{"@type":"ImageObject","inLanguage":"fr-FR","@id":"https:\/\/gruppotrevi.com\/#\/schema\/logo\/image\/","url":"https:\/\/gruppotrevi.com\/wp-content\/uploads\/2026\/02\/logo-gruppo-trevi2026.webp","contentUrl":"https:\/\/gruppotrevi.com\/wp-content\/uploads\/2026\/02\/logo-gruppo-trevi2026.webp","width":500,"height":370,"caption":"Sito ufficiale Trevi Group in Roma | Prenota adesso"},"image":{"@id":"https:\/\/gruppotrevi.com\/#\/schema\/logo\/image\/"}}]}},"jetpack_sharing_enabled":true,"_links":{"self":[{"href":"https:\/\/gruppotrevi.com\/fr\/wp-json\/wp\/v2\/pages\/1421","targetHints":{"allow":["GET"]}}],"collection":[{"href":"https:\/\/gruppotrevi.com\/fr\/wp-json\/wp\/v2\/pages"}],"about":[{"href":"https:\/\/gruppotrevi.com\/fr\/wp-json\/wp\/v2\/types\/page"}],"author":[{"embeddable":true,"href":"https:\/\/gruppotrevi.com\/fr\/wp-json\/wp\/v2\/users\/1"}],"replies":[{"embeddable":true,"href":"https:\/\/gruppotrevi.com\/fr\/wp-json\/wp\/v2\/comments?post=1421"}],"version-history":[{"count":3,"href":"https:\/\/gruppotrevi.com\/fr\/wp-json\/wp\/v2\/pages\/1421\/revisions"}],"predecessor-version":[{"id":1607,"href":"https:\/\/gruppotrevi.com\/fr\/wp-json\/wp\/v2\/pages\/1421\/revisions\/1607"}],"wp:attachment":[{"href":"https:\/\/gruppotrevi.com\/fr\/wp-json\/wp\/v2\/media?parent=1421"}],"curies":[{"name":"wp","href":"https:\/\/api.w.org\/{rel}","templated":true}]}}